{"id":882,"date":"2024-07-11T16:38:42","date_gmt":"2024-07-11T14:38:42","guid":{"rendered":"https:\/\/rychertow.flovmedia.pl\/?page_id=882"},"modified":"2024-07-11T16:44:09","modified_gmt":"2024-07-11T14:44:09","slug":"zima","status":"publish","type":"page","link":"https:\/\/rychertow.flovmedia.pl\/en\/4-pory-roku\/zima\/","title":{"rendered":"Zima"},"content":{"rendered":"<div data-elementor-type=\"wp-page\" data-elementor-id=\"882\" class=\"elementor elementor-882\" data-elementor-post-type=\"page\">\n\t\t\t\t\t\t<section class=\"elementor-section elementor-top-section elementor-element elementor-element-e9e1d54 elementor-section-boxed elementor-section-height-default elementor-section-height-default\" data-id=\"e9e1d54\" data-element_type=\"section\" data-settings=\"{&quot;background_background&quot;:&quot;classic&quot;}\">\n\t\t\t\t\t\t\t<div class=\"elementor-background-overlay\"><\/div>\n\t\t\t\t\t\t\t<div class=\"elementor-container elementor-column-gap-default\">\n\t\t\t\t\t<div class=\"elementor-column elementor-col-100 elementor-top-column elementor-element elementor-element-7fbe683\" data-id=\"7fbe683\" data-element_type=\"column\">\n\t\t\t<div class=\"elementor-widget-wrap elementor-element-populated\">\n\t\t\t\t\t\t<div class=\"elementor-element elementor-element-a733f66 elementor-absolute animated-slow elementor-invisible elementor-widget elementor-widget-heading\" data-id=\"a733f66\" data-element_type=\"widget\" data-settings=\"{&quot;_position&quot;:&quot;absolute&quot;,&quot;_animation&quot;:&quot;zoomIn&quot;}\" data-widget_type=\"heading.default\">\n\t\t\t\t<div class=\"elementor-widget-container\">\n\t\t\t\t\t<div class=\"elementor-heading-title elementor-size-default\">Zima<\/div>\t\t\t\t<\/div>\n\t\t\t\t<\/div>\n\t\t\t\t<div class=\"elementor-element elementor-element-c91c0c2 elementor-invisible elementor-widget elementor-widget-heading\" data-id=\"c91c0c2\" data-element_type=\"widget\" data-settings=\"{&quot;_animation&quot;:&quot;fadeInUp&quot;}\" data-widget_type=\"heading.default\">\n\t\t\t\t<div class=\"elementor-widget-container\">\n\t\t\t\t\t<h1 class=\"elementor-heading-title elementor-size-default\">Zima<\/h1>\t\t\t\t<\/div>\n\t\t\t\t<\/div>\n\t\t\t\t\t<\/div>\n\t\t<\/div>\n\t\t\t\t\t<\/div>\n\t\t<\/section>\n\t\t\t\t<section class=\"elementor-section elementor-top-section elementor-element elementor-element-610bf64 elementor-section-boxed elementor-section-height-default elementor-section-height-default\" data-id=\"610bf64\" data-element_type=\"section\">\n\t\t\t\t\t\t<div class=\"elementor-container elementor-column-gap-default\">\n\t\t\t\t\t<div class=\"elementor-column elementor-col-100 elementor-top-column elementor-element elementor-element-f08a803\" data-id=\"f08a803\" data-element_type=\"column\">\n\t\t\t<div class=\"elementor-widget-wrap elementor-element-populated\">\n\t\t\t\t\t\t<div class=\"elementor-element elementor-element-c18cabd elementor-widget elementor-widget-heading\" data-id=\"c18cabd\" data-element_type=\"widget\" data-widget_type=\"heading.default\">\n\t\t\t\t<div class=\"elementor-widget-container\">\n\t\t\t\t\t<h2 class=\"elementor-heading-title elementor-size-default\">Zima w agroturystyce<\/h2>\t\t\t\t<\/div>\n\t\t\t\t<\/div>\n\t\t\t\t<div class=\"elementor-element elementor-element-3588154 elementor-widget elementor-widget-text-editor\" data-id=\"3588154\" data-element_type=\"widget\" data-widget_type=\"text-editor.default\">\n\t\t\t\t<div class=\"elementor-widget-container\">\n\t\t\t\t\t\t\t\t\t<p style=\"text-align: center;\">Oferta dla dzieci i m\u0142odzie\u017cy.<\/p>\t\t\t\t\t\t\t\t<\/div>\n\t\t\t\t<\/div>\n\t\t\t\t<div class=\"elementor-element elementor-element-e0a17d4 elementor-widget elementor-widget-image\" data-id=\"e0a17d4\" data-element_type=\"widget\" data-widget_type=\"image.default\">\n\t\t\t\t<div class=\"elementor-widget-container\">\n\t\t\t\t\t\t\t\t\t\t\t\t\t\t\t\t<a href=\"https:\/\/rychertow.flovmedia.pl\/wp-content\/uploads\/2024\/07\/zima-u-rychertow-oferta-1.png\" data-elementor-open-lightbox=\"yes\" data-elementor-lightbox-title=\"zima-u-rychertow-oferta-1\" data-e-action-hash=\"#elementor-action%3Aaction%3Dlightbox%26settings%3DeyJpZCI6ODg0LCJ1cmwiOiJodHRwczpcL1wvcnljaGVydG93LmZsb3ZtZWRpYS5wbFwvd3AtY29udGVudFwvdXBsb2Fkc1wvMjAyNFwvMDdcL3ppbWEtdS1yeWNoZXJ0b3ctb2ZlcnRhLTEucG5nIn0%3D\">\n\t\t\t\t\t\t\t<img fetchpriority=\"high\" decoding=\"async\" width=\"724\" height=\"1024\" src=\"https:\/\/rychertow.flovmedia.pl\/wp-content\/uploads\/2024\/07\/zima-u-rychertow-oferta-1-724x1024.png\" class=\"attachment-large size-large wp-image-884\" alt=\"\" srcset=\"https:\/\/rychertow.flovmedia.pl\/wp-content\/uploads\/2024\/07\/zima-u-rychertow-oferta-1-724x1024.png 724w, https:\/\/rychertow.flovmedia.pl\/wp-content\/uploads\/2024\/07\/zima-u-rychertow-oferta-1-212x300.png 212w, https:\/\/rychertow.flovmedia.pl\/wp-content\/uploads\/2024\/07\/zima-u-rychertow-oferta-1-768x1086.png 768w, https:\/\/rychertow.flovmedia.pl\/wp-content\/uploads\/2024\/07\/zima-u-rychertow-oferta-1-1086x1536.png 1086w, https:\/\/rychertow.flovmedia.pl\/wp-content\/uploads\/2024\/07\/zima-u-rychertow-oferta-1-1448x2048.png 1448w, https:\/\/rychertow.flovmedia.pl\/wp-content\/uploads\/2024\/07\/zima-u-rychertow-oferta-1.png 1587w\" sizes=\"(max-width: 724px) 100vw, 724px\" \/>\t\t\t\t\t\t\t\t<\/a>\n\t\t\t\t\t\t\t\t\t\t\t\t\t\t\t<\/div>\n\t\t\t\t<\/div>\n\t\t\t\t\t<\/div>\n\t\t<\/div>\n\t\t\t\t\t<\/div>\n\t\t<\/section>\n\t\t\t\t<\/div>","protected":false},"excerpt":{"rendered":"<p>Zima Zima Zima w agroturystyce Oferta dla dzieci i m\u0142odzie\u017cy.<\/p>","protected":false},"author":1,"featured_media":0,"parent":806,"menu_order":0,"comment_status":"closed","ping_status":"closed","template":"","meta":{"footnotes":""},"class_list":["post-882","page","type-page","status-publish","hentry"],"yoast_head":"<!-- This site is optimized with the Yoast SEO plugin v25.4 - https:\/\/yoast.com\/wordpress\/plugins\/seo\/ -->\n<title>Zima - Agroturystyka u Rychert\u00f3w<\/title>\n<meta name=\"robots\" content=\"index, follow, max-snippet:-1, max-image-preview:large, max-video-preview:-1\" \/>\n<link rel=\"canonical\" href=\"https:\/\/rychertow.flovmedia.pl\/en\/4-pory-roku\/zima\/\" \/>\n<meta property=\"og:locale\" content=\"en_GB\" \/>\n<meta property=\"og:type\" content=\"article\" \/>\n<meta property=\"og:title\" content=\"Zima - Agroturystyka u Rychert\u00f3w\" \/>\n<meta property=\"og:description\" content=\"Zima Zima Zima w agroturystyce Oferta dla dzieci i m\u0142odzie\u017cy.\" \/>\n<meta property=\"og:url\" content=\"https:\/\/rychertow.flovmedia.pl\/en\/4-pory-roku\/zima\/\" \/>\n<meta property=\"og:site_name\" content=\"Agroturystyka u Rychert\u00f3w\" \/>\n<meta property=\"article:publisher\" content=\"https:\/\/www.facebook.com\/profile.php?id=100063644856991\" \/>\n<meta property=\"article:modified_time\" content=\"2024-07-11T14:44:09+00:00\" \/>\n<meta property=\"og:image\" content=\"https:\/\/rychertow.flovmedia.pl\/wp-content\/uploads\/2024\/07\/zima-u-rychertow-oferta-1-724x1024.png\" \/>\n\t<meta property=\"og:image:width\" content=\"724\" \/>\n\t<meta property=\"og:image:height\" content=\"1024\" \/>\n\t<meta property=\"og:image:type\" content=\"image\/png\" \/>\n<meta name=\"twitter:card\" content=\"summary_large_image\" \/>\n<script type=\"application\/ld+json\" class=\"yoast-schema-graph\">{\"@context\":\"https:\/\/schema.org\",\"@graph\":[{\"@type\":\"WebPage\",\"@id\":\"https:\/\/rychertow.flovmedia.pl\/4-pory-roku\/zima\/\",\"url\":\"https:\/\/rychertow.flovmedia.pl\/4-pory-roku\/zima\/\",\"name\":\"Zima - Agroturystyka u Rychert\u00f3w\",\"isPartOf\":{\"@id\":\"https:\/\/rychertow.flovmedia.pl\/#website\"},\"primaryImageOfPage\":{\"@id\":\"https:\/\/rychertow.flovmedia.pl\/4-pory-roku\/zima\/#primaryimage\"},\"image\":{\"@id\":\"https:\/\/rychertow.flovmedia.pl\/4-pory-roku\/zima\/#primaryimage\"},\"thumbnailUrl\":\"https:\/\/rychertow.flovmedia.pl\/wp-content\/uploads\/2024\/07\/zima-u-rychertow-oferta-1-724x1024.png\",\"datePublished\":\"2024-07-11T14:38:42+00:00\",\"dateModified\":\"2024-07-11T14:44:09+00:00\",\"breadcrumb\":{\"@id\":\"https:\/\/rychertow.flovmedia.pl\/4-pory-roku\/zima\/#breadcrumb\"},\"inLanguage\":\"en-GB\",\"potentialAction\":[{\"@type\":\"ReadAction\",\"target\":[\"https:\/\/rychertow.flovmedia.pl\/4-pory-roku\/zima\/\"]}]},{\"@type\":\"ImageObject\",\"inLanguage\":\"en-GB\",\"@id\":\"https:\/\/rychertow.flovmedia.pl\/4-pory-roku\/zima\/#primaryimage\",\"url\":\"https:\/\/rychertow.flovmedia.pl\/wp-content\/uploads\/2024\/07\/zima-u-rychertow-oferta-1-724x1024.png\",\"contentUrl\":\"https:\/\/rychertow.flovmedia.pl\/wp-content\/uploads\/2024\/07\/zima-u-rychertow-oferta-1-724x1024.png\"},{\"@type\":\"BreadcrumbList\",\"@id\":\"https:\/\/rychertow.flovmedia.pl\/4-pory-roku\/zima\/#breadcrumb\",\"itemListElement\":[{\"@type\":\"ListItem\",\"position\":1,\"name\":\"Strona g\u0142\u00f3wna\",\"item\":\"https:\/\/rychertow.flovmedia.pl\/\"},{\"@type\":\"ListItem\",\"position\":2,\"name\":\"4 pory roku\",\"item\":\"https:\/\/rychertow.flovmedia.pl\/4-pory-roku\/\"},{\"@type\":\"ListItem\",\"position\":3,\"name\":\"Zima\"}]},{\"@type\":\"WebSite\",\"@id\":\"https:\/\/rychertow.flovmedia.pl\/#website\",\"url\":\"https:\/\/rychertow.flovmedia.pl\/\",\"name\":\"Agroturystyka u Rychert\u00f3w\",\"description\":\"Wesela, pokoje, imprezy okoliczno\u015bciowe, stajnia\",\"publisher\":{\"@id\":\"https:\/\/rychertow.flovmedia.pl\/#organization\"},\"alternateName\":\"AgroRychert\",\"potentialAction\":[{\"@type\":\"SearchAction\",\"target\":{\"@type\":\"EntryPoint\",\"urlTemplate\":\"https:\/\/rychertow.flovmedia.pl\/?s={search_term_string}\"},\"query-input\":{\"@type\":\"PropertyValueSpecification\",\"valueRequired\":true,\"valueName\":\"search_term_string\"}}],\"inLanguage\":\"en-GB\"},{\"@type\":\"Organization\",\"@id\":\"https:\/\/rychertow.flovmedia.pl\/#organization\",\"name\":\"Agroturystyka u Rychert\u00f3w\",\"url\":\"https:\/\/rychertow.flovmedia.pl\/\",\"logo\":{\"@type\":\"ImageObject\",\"inLanguage\":\"en-GB\",\"@id\":\"https:\/\/rychertow.flovmedia.pl\/#\/schema\/logo\/image\/\",\"url\":\"https:\/\/rychertow.flovmedia.pl\/wp-content\/uploads\/2024\/03\/cropped-agrorychert-kaszebe-logo.png\",\"contentUrl\":\"https:\/\/rychertow.flovmedia.pl\/wp-content\/uploads\/2024\/03\/cropped-agrorychert-kaszebe-logo.png\",\"width\":512,\"height\":512,\"caption\":\"Agroturystyka u Rychert\u00f3w\"},\"image\":{\"@id\":\"https:\/\/rychertow.flovmedia.pl\/#\/schema\/logo\/image\/\"},\"sameAs\":[\"https:\/\/www.facebook.com\/profile.php?id=100063644856991\",\"https:\/\/www.instagram.com\/agroturystykaurychertow\/\",\"https:\/\/www.tiktok.com\/@agroturystykaurychertow\"]}]}<\/script>\n<!-- \/ Yoast SEO plugin. -->","yoast_head_json":{"title":"Zima - Agroturystyka u Rychert\u00f3w","robots":{"index":"index","follow":"follow","max-snippet":"max-snippet:-1","max-image-preview":"max-image-preview:large","max-video-preview":"max-video-preview:-1"},"canonical":"https:\/\/rychertow.flovmedia.pl\/en\/4-pory-roku\/zima\/","og_locale":"en_GB","og_type":"article","og_title":"Zima - Agroturystyka u Rychert\u00f3w","og_description":"Zima Zima Zima w agroturystyce Oferta dla dzieci i m\u0142odzie\u017cy.","og_url":"https:\/\/rychertow.flovmedia.pl\/en\/4-pory-roku\/zima\/","og_site_name":"Agroturystyka u Rychert\u00f3w","article_publisher":"https:\/\/www.facebook.com\/profile.php?id=100063644856991","article_modified_time":"2024-07-11T14:44:09+00:00","og_image":[{"width":724,"height":1024,"url":"https:\/\/rychertow.flovmedia.pl\/wp-content\/uploads\/2024\/07\/zima-u-rychertow-oferta-1-724x1024.png","type":"image\/png"}],"twitter_card":"summary_large_image","schema":{"@context":"https:\/\/schema.org","@graph":[{"@type":"WebPage","@id":"https:\/\/rychertow.flovmedia.pl\/4-pory-roku\/zima\/","url":"https:\/\/rychertow.flovmedia.pl\/4-pory-roku\/zima\/","name":"Zima - Agroturystyka u Rychert\u00f3w","isPartOf":{"@id":"https:\/\/rychertow.flovmedia.pl\/#website"},"primaryImageOfPage":{"@id":"https:\/\/rychertow.flovmedia.pl\/4-pory-roku\/zima\/#primaryimage"},"image":{"@id":"https:\/\/rychertow.flovmedia.pl\/4-pory-roku\/zima\/#primaryimage"},"thumbnailUrl":"https:\/\/rychertow.flovmedia.pl\/wp-content\/uploads\/2024\/07\/zima-u-rychertow-oferta-1-724x1024.png","datePublished":"2024-07-11T14:38:42+00:00","dateModified":"2024-07-11T14:44:09+00:00","breadcrumb":{"@id":"https:\/\/rychertow.flovmedia.pl\/4-pory-roku\/zima\/#breadcrumb"},"inLanguage":"en-GB","potentialAction":[{"@type":"ReadAction","target":["https:\/\/rychertow.flovmedia.pl\/4-pory-roku\/zima\/"]}]},{"@type":"ImageObject","inLanguage":"en-GB","@id":"https:\/\/rychertow.flovmedia.pl\/4-pory-roku\/zima\/#primaryimage","url":"https:\/\/rychertow.flovmedia.pl\/wp-content\/uploads\/2024\/07\/zima-u-rychertow-oferta-1-724x1024.png","contentUrl":"https:\/\/rychertow.flovmedia.pl\/wp-content\/uploads\/2024\/07\/zima-u-rychertow-oferta-1-724x1024.png"},{"@type":"BreadcrumbList","@id":"https:\/\/rychertow.flovmedia.pl\/4-pory-roku\/zima\/#breadcrumb","itemListElement":[{"@type":"ListItem","position":1,"name":"Strona g\u0142\u00f3wna","item":"https:\/\/rychertow.flovmedia.pl\/"},{"@type":"ListItem","position":2,"name":"4 pory roku","item":"https:\/\/rychertow.flovmedia.pl\/4-pory-roku\/"},{"@type":"ListItem","position":3,"name":"Zima"}]},{"@type":"WebSite","@id":"https:\/\/rychertow.flovmedia.pl\/#website","url":"https:\/\/rychertow.flovmedia.pl\/","name":"Agroturystyka u Rychert\u00f3w","description":"Wesela, pokoje, imprezy okoliczno\u015bciowe, stajnia","publisher":{"@id":"https:\/\/rychertow.flovmedia.pl\/#organization"},"alternateName":"AgroRychert","potentialAction":[{"@type":"SearchAction","target":{"@type":"EntryPoint","urlTemplate":"https:\/\/rychertow.flovmedia.pl\/?s={search_term_string}"},"query-input":{"@type":"PropertyValueSpecification","valueRequired":true,"valueName":"search_term_string"}}],"inLanguage":"en-GB"},{"@type":"Organization","@id":"https:\/\/rychertow.flovmedia.pl\/#organization","name":"Agroturystyka u Rychert\u00f3w","url":"https:\/\/rychertow.flovmedia.pl\/","logo":{"@type":"ImageObject","inLanguage":"en-GB","@id":"https:\/\/rychertow.flovmedia.pl\/#\/schema\/logo\/image\/","url":"https:\/\/rychertow.flovmedia.pl\/wp-content\/uploads\/2024\/03\/cropped-agrorychert-kaszebe-logo.png","contentUrl":"https:\/\/rychertow.flovmedia.pl\/wp-content\/uploads\/2024\/03\/cropped-agrorychert-kaszebe-logo.png","width":512,"height":512,"caption":"Agroturystyka u Rychert\u00f3w"},"image":{"@id":"https:\/\/rychertow.flovmedia.pl\/#\/schema\/logo\/image\/"},"sameAs":["https:\/\/www.facebook.com\/profile.php?id=100063644856991","https:\/\/www.instagram.com\/agroturystykaurychertow\/","https:\/\/www.tiktok.com\/@agroturystykaurychertow"]}]}},"_links":{"self":[{"href":"https:\/\/rychertow.flovmedia.pl\/en\/wp-json\/wp\/v2\/pages\/882","targetHints":{"allow":["GET"]}}],"collection":[{"href":"https:\/\/rychertow.flovmedia.pl\/en\/wp-json\/wp\/v2\/pages"}],"about":[{"href":"https:\/\/rychertow.flovmedia.pl\/en\/wp-json\/wp\/v2\/types\/page"}],"author":[{"embeddable":true,"href":"https:\/\/rychertow.flovmedia.pl\/en\/wp-json\/wp\/v2\/users\/1"}],"replies":[{"embeddable":true,"href":"https:\/\/rychertow.flovmedia.pl\/en\/wp-json\/wp\/v2\/comments?post=882"}],"version-history":[{"count":10,"href":"https:\/\/rychertow.flovmedia.pl\/en\/wp-json\/wp\/v2\/pages\/882\/revisions"}],"predecessor-version":[{"id":898,"href":"https:\/\/rychertow.flovmedia.pl\/en\/wp-json\/wp\/v2\/pages\/882\/revisions\/898"}],"up":[{"embeddable":true,"href":"https:\/\/rychertow.flovmedia.pl\/en\/wp-json\/wp\/v2\/pages\/806"}],"wp:attachment":[{"href":"https:\/\/rychertow.flovmedia.pl\/en\/wp-json\/wp\/v2\/media?parent=882"}],"curies":[{"name":"wp","href":"https:\/\/api.w.org\/{rel}","templated":true}]}}