{"id":705,"date":"2024-04-23T15:33:14","date_gmt":"2024-04-23T13:33:14","guid":{"rendered":"https:\/\/rychertow.flovmedia.pl\/?page_id=705"},"modified":"2025-01-11T14:24:54","modified_gmt":"2025-01-11T13:24:54","slug":"kuligi","status":"publish","type":"page","link":"https:\/\/rychertow.flovmedia.pl\/en\/stajnia\/kuligi\/","title":{"rendered":"Kuligi"},"content":{"rendered":"<div data-elementor-type=\"wp-page\" data-elementor-id=\"705\" class=\"elementor elementor-705\" data-elementor-post-type=\"page\">\n\t\t\t\t\t\t<section class=\"elementor-section elementor-top-section elementor-element elementor-element-6398b89e elementor-section-boxed elementor-section-height-default elementor-section-height-default\" data-id=\"6398b89e\" data-element_type=\"section\" data-settings=\"{&quot;background_background&quot;:&quot;classic&quot;}\">\n\t\t\t\t\t\t\t<div class=\"elementor-background-overlay\"><\/div>\n\t\t\t\t\t\t\t<div class=\"elementor-container elementor-column-gap-default\">\n\t\t\t\t\t<div class=\"elementor-column elementor-col-100 elementor-top-column elementor-element elementor-element-1bb98c9e\" data-id=\"1bb98c9e\" data-element_type=\"column\">\n\t\t\t<div class=\"elementor-widget-wrap elementor-element-populated\">\n\t\t\t\t\t\t<div class=\"elementor-element elementor-element-5e19f796 elementor-absolute animated-slow elementor-invisible elementor-widget elementor-widget-heading\" data-id=\"5e19f796\" data-element_type=\"widget\" data-settings=\"{&quot;_position&quot;:&quot;absolute&quot;,&quot;_animation&quot;:&quot;zoomIn&quot;}\" data-widget_type=\"heading.default\">\n\t\t\t\t<div class=\"elementor-widget-container\">\n\t\t\t\t\t<div class=\"elementor-heading-title elementor-size-default\">Kuligi<\/div>\t\t\t\t<\/div>\n\t\t\t\t<\/div>\n\t\t\t\t<div class=\"elementor-element elementor-element-41966248 elementor-invisible elementor-widget elementor-widget-heading\" data-id=\"41966248\" data-element_type=\"widget\" data-settings=\"{&quot;_animation&quot;:&quot;fadeInUp&quot;}\" data-widget_type=\"heading.default\">\n\t\t\t\t<div class=\"elementor-widget-container\">\n\t\t\t\t\t<h1 class=\"elementor-heading-title elementor-size-default\">Kuligi<\/h1>\t\t\t\t<\/div>\n\t\t\t\t<\/div>\n\t\t\t\t\t<\/div>\n\t\t<\/div>\n\t\t\t\t\t<\/div>\n\t\t<\/section>\n\t\t\t\t<section class=\"elementor-section elementor-top-section elementor-element elementor-element-5fbf67b4 elementor-section-boxed elementor-section-height-default elementor-section-height-default\" data-id=\"5fbf67b4\" data-element_type=\"section\">\n\t\t\t\t\t\t<div class=\"elementor-container elementor-column-gap-default\">\n\t\t\t\t\t<div class=\"elementor-column elementor-col-66 elementor-top-column elementor-element elementor-element-32512c51\" data-id=\"32512c51\" data-element_type=\"column\">\n\t\t\t<div class=\"elementor-widget-wrap elementor-element-populated\">\n\t\t\t\t\t\t<div class=\"elementor-element elementor-element-598d8b84 elementor-widget elementor-widget-heading\" data-id=\"598d8b84\" data-element_type=\"widget\" data-widget_type=\"heading.default\">\n\t\t\t\t<div class=\"elementor-widget-container\">\n\t\t\t\t\t<h2 class=\"elementor-heading-title elementor-size-default\">Opis oferty Kulig<\/h2>\t\t\t\t<\/div>\n\t\t\t\t<\/div>\n\t\t\t\t<div class=\"elementor-element elementor-element-13fa9f00 elementor-widget elementor-widget-text-editor\" data-id=\"13fa9f00\" data-element_type=\"widget\" data-widget_type=\"text-editor.default\">\n\t\t\t\t<div class=\"elementor-widget-container\">\n\t\t\t\t\t\t\t\t\t<p class=\"font_8 wixui-rich-text__text\"><span class=\"wixui-rich-text__text\"><span class=\"color_42 wixui-rich-text__text\">Zapraszamy Pa\u0144stwa na kuligi konne.<\/span><\/span><span class=\"wixui-rich-text__text\"><span class=\"color_42 wixui-rich-text__text\">\u00a0<\/span><\/span><span class=\"wixui-rich-text__text\"><span class=\"color_42 wixui-rich-text__text\">Ch\u0119tni mog\u0105 skorzysta\u0107 z noclegu oraz doskona\u0142ej, domowej kuchni z tradycyjnymi potrawami.<\/span><\/span><\/p><p class=\"font_8 wixui-rich-text__text\"><span class=\"wixui-rich-text__text\"><span class=\"color_42 wixui-rich-text__text\">W sprawie rezerwacji kuligu prosimy o kontakt +48 533-280-480<\/span><\/span><\/p>\t\t\t\t\t\t\t\t<\/div>\n\t\t\t\t<\/div>\n\t\t\t\t<div class=\"elementor-element elementor-element-8cbd6ed elementor-widget elementor-widget-text-editor\" data-id=\"8cbd6ed\" data-element_type=\"widget\" data-widget_type=\"text-editor.default\">\n\t\t\t\t<div class=\"elementor-widget-container\">\n\t\t\t\t\t\t\t\t\t<p class=\"font_8 wixui-rich-text__text\"><span class=\"wixui-rich-text__text\"><span class=\"color_42 wixui-rich-text__text\">Zapraszamy do nas dzieci i m\u0142odzie\u017c wraz z rodzicami!\u00a0<\/span><\/span><\/p><p class=\"font_8 wixui-rich-text__text\"><span class=\"wixui-rich-text__text\"><span class=\"color_42 wixui-rich-text__text\">Dla narciarzy w odleg\u0142o\u015bci 10 km od naszego gospodarstwa znajduj\u0105 si\u0119 2 wyci\u0105gi narciarskie (pod Wie\u017cyc\u0105), stoki s\u0105 o\u015bwietlane oraz posiadaj\u0105 \u015bwietne warunki do jazdy na nartach.<\/span><\/span><\/p>\t\t\t\t\t\t\t\t<\/div>\n\t\t\t\t<\/div>\n\t\t\t\t<div class=\"elementor-element elementor-element-4163bd1 elementor-widget elementor-widget-heading\" data-id=\"4163bd1\" data-element_type=\"widget\" data-widget_type=\"heading.default\">\n\t\t\t\t<div class=\"elementor-widget-container\">\n\t\t\t\t\t<h3 class=\"elementor-heading-title elementor-size-default\">Plakat<\/h3>\t\t\t\t<\/div>\n\t\t\t\t<\/div>\n\t\t\t\t<div class=\"elementor-element elementor-element-984251e elementor-widget elementor-widget-image\" data-id=\"984251e\" data-element_type=\"widget\" data-widget_type=\"image.default\">\n\t\t\t\t<div class=\"elementor-widget-container\">\n\t\t\t\t\t\t\t\t\t\t\t\t\t\t\t\t<a href=\"https:\/\/rychertow.flovmedia.pl\/wp-content\/uploads\/2025\/01\/kulig-2.png\" data-elementor-open-lightbox=\"yes\" data-elementor-lightbox-title=\"kulig-2\" data-e-action-hash=\"#elementor-action%3Aaction%3Dlightbox%26settings%3DeyJpZCI6MjMxNCwidXJsIjoiaHR0cHM6XC9cL3J5Y2hlcnRvdy5mbG92bWVkaWEucGxcL3dwLWNvbnRlbnRcL3VwbG9hZHNcLzIwMjVcLzAxXC9rdWxpZy0yLnBuZyJ9\">\n\t\t\t\t\t\t\t<img fetchpriority=\"high\" decoding=\"async\" width=\"724\" height=\"1024\" src=\"https:\/\/rychertow.flovmedia.pl\/wp-content\/uploads\/2025\/01\/kulig-2-724x1024.png\" class=\"attachment-large size-large wp-image-2314\" alt=\"\" srcset=\"https:\/\/rychertow.flovmedia.pl\/wp-content\/uploads\/2025\/01\/kulig-2-724x1024.png 724w, https:\/\/rychertow.flovmedia.pl\/wp-content\/uploads\/2025\/01\/kulig-2-212x300.png 212w, https:\/\/rychertow.flovmedia.pl\/wp-content\/uploads\/2025\/01\/kulig-2-768x1086.png 768w, https:\/\/rychertow.flovmedia.pl\/wp-content\/uploads\/2025\/01\/kulig-2-1086x1536.png 1086w, https:\/\/rychertow.flovmedia.pl\/wp-content\/uploads\/2025\/01\/kulig-2-1448x2048.png 1448w\" sizes=\"(max-width: 724px) 100vw, 724px\" \/>\t\t\t\t\t\t\t\t<\/a>\n\t\t\t\t\t\t\t\t\t\t\t\t\t\t\t<\/div>\n\t\t\t\t<\/div>\n\t\t\t\t\t<\/div>\n\t\t<\/div>\n\t\t\t\t<div class=\"elementor-column elementor-col-33 elementor-top-column elementor-element elementor-element-2f42bfd2\" data-id=\"2f42bfd2\" data-element_type=\"column\" data-settings=\"{&quot;background_background&quot;:&quot;classic&quot;}\">\n\t\t\t<div class=\"elementor-widget-wrap elementor-element-populated\">\n\t\t\t\t\t\t<div class=\"elementor-element elementor-element-605677e8 elementor-widget elementor-widget-heading\" data-id=\"605677e8\" data-element_type=\"widget\" data-widget_type=\"heading.default\">\n\t\t\t\t<div class=\"elementor-widget-container\">\n\t\t\t\t\t<h3 class=\"elementor-heading-title elementor-size-default\">Zarezerwuj kulig!<\/h3>\t\t\t\t<\/div>\n\t\t\t\t<\/div>\n\t\t\t\t<div class=\"elementor-element elementor-element-368114bc elementor-widget-divider--view-line elementor-widget elementor-widget-divider\" data-id=\"368114bc\" data-element_type=\"widget\" data-widget_type=\"divider.default\">\n\t\t\t\t<div class=\"elementor-widget-container\">\n\t\t\t\t\t\t\t<div class=\"elementor-divider\">\n\t\t\t<span class=\"elementor-divider-separator\">\n\t\t\t\t\t\t<\/span>\n\t\t<\/div>\n\t\t\t\t\t\t<\/div>\n\t\t\t\t<\/div>\n\t\t\t\t<div class=\"elementor-element elementor-element-28cb7d3 elementor-widget elementor-widget-text-editor\" data-id=\"28cb7d3\" data-element_type=\"widget\" data-widget_type=\"text-editor.default\">\n\t\t\t\t<div class=\"elementor-widget-container\">\n\t\t\t\t\t\t\t\t\t<p>Zarezerwuj kulig ju\u017c dzi\u015b i prze\u017cyj magiczn\u0105 zimow\u0105 przygod\u0119! Niezapomniana przeja\u017cd\u017cka saniami przez za\u015bnie\u017cone krajobrazy, ciep\u0142a herbata przy ognisku i wspania\u0142a zabawa dla ca\u0142ej rodziny.<\/p>\t\t\t\t\t\t\t\t<\/div>\n\t\t\t\t<\/div>\n\t\t\t\t<div class=\"elementor-element elementor-element-28f1be1 elementor-widget-divider--view-line elementor-widget elementor-widget-divider\" data-id=\"28f1be1\" data-element_type=\"widget\" data-widget_type=\"divider.default\">\n\t\t\t\t<div class=\"elementor-widget-container\">\n\t\t\t\t\t\t\t<div class=\"elementor-divider\">\n\t\t\t<span class=\"elementor-divider-separator\">\n\t\t\t\t\t\t<\/span>\n\t\t<\/div>\n\t\t\t\t\t\t<\/div>\n\t\t\t\t<\/div>\n\t\t\t\t<div class=\"elementor-element elementor-element-54c32bd3 elementor-cta--skin-cover elementor-cta--valign-bottom elementor-bg-transform elementor-bg-transform-move-left elementor-invisible elementor-widget elementor-widget-call-to-action\" data-id=\"54c32bd3\" data-element_type=\"widget\" data-settings=\"{&quot;_animation&quot;:&quot;bounceInUp&quot;}\" data-widget_type=\"call-to-action.default\">\n\t\t\t\t<div class=\"elementor-widget-container\">\n\t\t\t\t\t\t\t<div class=\"elementor-cta\">\n\t\t\t\t\t<div class=\"elementor-cta__bg-wrapper\">\n\t\t\t\t<div class=\"elementor-cta__bg elementor-bg\" style=\"background-image: url(https:\/\/rychertow.flovmedia.pl\/wp-content\/uploads\/2024\/09\/kuligi-zimowe-u-rychertow-1.jpg);\" role=\"img\" aria-label=\"Kuligi &quot;U Rychert\u00f3w&quot;\"><\/div>\n\t\t\t\t<div class=\"elementor-cta__bg-overlay\"><\/div>\n\t\t\t<\/div>\n\t\t\t\t\t\t\t<div class=\"elementor-cta__content\">\n\t\t\t\t\n\t\t\t\t\t\t\t\t\t<h2 class=\"elementor-cta__title elementor-cta__content-item elementor-content-item\">\n\t\t\t\t\t\tZarezerwuj ju\u017c teraz!\t\t\t\t\t<\/h2>\n\t\t\t\t\n\t\t\t\t\n\t\t\t\t\t\t\t\t\t<div class=\"elementor-cta__button-wrapper elementor-cta__content-item elementor-content-item\">\n\t\t\t\t\t<a class=\"elementor-cta__button elementor-button elementor-size-\" href=\"https:\/\/rychertow.flovmedia.pl\/en\/kontakt\/\">\n\t\t\t\t\t\tKontakt\t\t\t\t\t<\/a>\n\t\t\t\t\t<\/div>\n\t\t\t\t\t\t\t<\/div>\n\t\t\t\t\t\t<\/div>\n\t\t\t\t\t\t<\/div>\n\t\t\t\t<\/div>\n\t\t\t\t\t<\/div>\n\t\t<\/div>\n\t\t\t\t\t<\/div>\n\t\t<\/section>\n\t\t\t\t<\/div>","protected":false},"excerpt":{"rendered":"<p>Kuligi Kuligi Opis oferty Kulig Zapraszamy Pa\u0144stwa na kuligi konne.\u00a0Ch\u0119tni mog\u0105 skorzysta\u0107 z noclegu oraz doskona\u0142ej, domowej kuchni z tradycyjnymi potrawami. W sprawie rezerwacji kuligu prosimy o kontakt +48 533-280-480 Zapraszamy do nas dzieci i m\u0142odzie\u017c wraz z rodzicami!\u00a0 Dla narciarzy w odleg\u0142o\u015bci 10 km od naszego gospodarstwa znajduj\u0105 si\u0119 2 wyci\u0105gi narciarskie (pod Wie\u017cyc\u0105), [&hellip;]<\/p>","protected":false},"author":1,"featured_media":0,"parent":764,"menu_order":0,"comment_status":"closed","ping_status":"closed","template":"elementor_header_footer","meta":{"footnotes":""},"class_list":["post-705","page","type-page","status-publish","hentry"],"yoast_head":"<!-- This site is optimized with the Yoast SEO plugin v25.4 - https:\/\/yoast.com\/wordpress\/plugins\/seo\/ -->\n<title>Kuligi - Agroturystyka u Rychert\u00f3w<\/title>\n<meta name=\"robots\" content=\"index, follow, max-snippet:-1, max-image-preview:large, max-video-preview:-1\" \/>\n<link rel=\"canonical\" href=\"https:\/\/rychertow.flovmedia.pl\/en\/stajnia\/kuligi\/\" \/>\n<meta property=\"og:locale\" content=\"en_GB\" \/>\n<meta property=\"og:type\" content=\"article\" \/>\n<meta property=\"og:title\" content=\"Kuligi - Agroturystyka u Rychert\u00f3w\" \/>\n<meta property=\"og:description\" content=\"Kuligi Kuligi Opis oferty Kulig Zapraszamy Pa\u0144stwa na kuligi konne.\u00a0Ch\u0119tni mog\u0105 skorzysta\u0107 z noclegu oraz doskona\u0142ej, domowej kuchni z tradycyjnymi potrawami. W sprawie rezerwacji kuligu prosimy o kontakt +48 533-280-480 Zapraszamy do nas dzieci i m\u0142odzie\u017c wraz z rodzicami!\u00a0 Dla narciarzy w odleg\u0142o\u015bci 10 km od naszego gospodarstwa znajduj\u0105 si\u0119 2 wyci\u0105gi narciarskie (pod Wie\u017cyc\u0105), [&hellip;]\" \/>\n<meta property=\"og:url\" content=\"https:\/\/rychertow.flovmedia.pl\/en\/stajnia\/kuligi\/\" \/>\n<meta property=\"og:site_name\" content=\"Agroturystyka u Rychert\u00f3w\" \/>\n<meta property=\"article:publisher\" content=\"https:\/\/www.facebook.com\/profile.php?id=100063644856991\" \/>\n<meta property=\"article:modified_time\" content=\"2025-01-11T13:24:54+00:00\" \/>\n<meta property=\"og:image\" content=\"https:\/\/rychertow.flovmedia.pl\/wp-content\/uploads\/2025\/01\/kulig-2-724x1024.png\" \/>\n\t<meta property=\"og:image:width\" content=\"724\" \/>\n\t<meta property=\"og:image:height\" content=\"1024\" \/>\n\t<meta property=\"og:image:type\" content=\"image\/png\" \/>\n<meta name=\"twitter:card\" content=\"summary_large_image\" \/>\n<meta name=\"twitter:label1\" content=\"Estimated reading time\" \/>\n\t<meta name=\"twitter:data1\" content=\"1 minute\" \/>\n<script type=\"application\/ld+json\" class=\"yoast-schema-graph\">{\"@context\":\"https:\/\/schema.org\",\"@graph\":[{\"@type\":\"WebPage\",\"@id\":\"https:\/\/rychertow.flovmedia.pl\/stajnia\/kuligi\/\",\"url\":\"https:\/\/rychertow.flovmedia.pl\/stajnia\/kuligi\/\",\"name\":\"Kuligi - Agroturystyka u Rychert\u00f3w\",\"isPartOf\":{\"@id\":\"https:\/\/rychertow.flovmedia.pl\/#website\"},\"primaryImageOfPage\":{\"@id\":\"https:\/\/rychertow.flovmedia.pl\/stajnia\/kuligi\/#primaryimage\"},\"image\":{\"@id\":\"https:\/\/rychertow.flovmedia.pl\/stajnia\/kuligi\/#primaryimage\"},\"thumbnailUrl\":\"https:\/\/rychertow.flovmedia.pl\/wp-content\/uploads\/2025\/01\/kulig-2-724x1024.png\",\"datePublished\":\"2024-04-23T13:33:14+00:00\",\"dateModified\":\"2025-01-11T13:24:54+00:00\",\"breadcrumb\":{\"@id\":\"https:\/\/rychertow.flovmedia.pl\/stajnia\/kuligi\/#breadcrumb\"},\"inLanguage\":\"en-GB\",\"potentialAction\":[{\"@type\":\"ReadAction\",\"target\":[\"https:\/\/rychertow.flovmedia.pl\/stajnia\/kuligi\/\"]}]},{\"@type\":\"ImageObject\",\"inLanguage\":\"en-GB\",\"@id\":\"https:\/\/rychertow.flovmedia.pl\/stajnia\/kuligi\/#primaryimage\",\"url\":\"https:\/\/rychertow.flovmedia.pl\/wp-content\/uploads\/2025\/01\/kulig-2-724x1024.png\",\"contentUrl\":\"https:\/\/rychertow.flovmedia.pl\/wp-content\/uploads\/2025\/01\/kulig-2-724x1024.png\"},{\"@type\":\"BreadcrumbList\",\"@id\":\"https:\/\/rychertow.flovmedia.pl\/stajnia\/kuligi\/#breadcrumb\",\"itemListElement\":[{\"@type\":\"ListItem\",\"position\":1,\"name\":\"Strona g\u0142\u00f3wna\",\"item\":\"https:\/\/rychertow.flovmedia.pl\/\"},{\"@type\":\"ListItem\",\"position\":2,\"name\":\"Stajnia\",\"item\":\"https:\/\/rychertow.flovmedia.pl\/stajnia\/\"},{\"@type\":\"ListItem\",\"position\":3,\"name\":\"Kuligi\"}]},{\"@type\":\"WebSite\",\"@id\":\"https:\/\/rychertow.flovmedia.pl\/#website\",\"url\":\"https:\/\/rychertow.flovmedia.pl\/\",\"name\":\"Agroturystyka u Rychert\u00f3w\",\"description\":\"Wesela, pokoje, imprezy okoliczno\u015bciowe, stajnia\",\"publisher\":{\"@id\":\"https:\/\/rychertow.flovmedia.pl\/#organization\"},\"alternateName\":\"AgroRychert\",\"potentialAction\":[{\"@type\":\"SearchAction\",\"target\":{\"@type\":\"EntryPoint\",\"urlTemplate\":\"https:\/\/rychertow.flovmedia.pl\/?s={search_term_string}\"},\"query-input\":{\"@type\":\"PropertyValueSpecification\",\"valueRequired\":true,\"valueName\":\"search_term_string\"}}],\"inLanguage\":\"en-GB\"},{\"@type\":\"Organization\",\"@id\":\"https:\/\/rychertow.flovmedia.pl\/#organization\",\"name\":\"Agroturystyka u Rychert\u00f3w\",\"url\":\"https:\/\/rychertow.flovmedia.pl\/\",\"logo\":{\"@type\":\"ImageObject\",\"inLanguage\":\"en-GB\",\"@id\":\"https:\/\/rychertow.flovmedia.pl\/#\/schema\/logo\/image\/\",\"url\":\"https:\/\/rychertow.flovmedia.pl\/wp-content\/uploads\/2024\/03\/cropped-agrorychert-kaszebe-logo.png\",\"contentUrl\":\"https:\/\/rychertow.flovmedia.pl\/wp-content\/uploads\/2024\/03\/cropped-agrorychert-kaszebe-logo.png\",\"width\":512,\"height\":512,\"caption\":\"Agroturystyka u Rychert\u00f3w\"},\"image\":{\"@id\":\"https:\/\/rychertow.flovmedia.pl\/#\/schema\/logo\/image\/\"},\"sameAs\":[\"https:\/\/www.facebook.com\/profile.php?id=100063644856991\",\"https:\/\/www.instagram.com\/agroturystykaurychertow\/\",\"https:\/\/www.tiktok.com\/@agroturystykaurychertow\"]}]}<\/script>\n<!-- \/ Yoast SEO plugin. -->","yoast_head_json":{"title":"Kuligi - Agroturystyka u Rychert\u00f3w","robots":{"index":"index","follow":"follow","max-snippet":"max-snippet:-1","max-image-preview":"max-image-preview:large","max-video-preview":"max-video-preview:-1"},"canonical":"https:\/\/rychertow.flovmedia.pl\/en\/stajnia\/kuligi\/","og_locale":"en_GB","og_type":"article","og_title":"Kuligi - Agroturystyka u Rychert\u00f3w","og_description":"Kuligi Kuligi Opis oferty Kulig Zapraszamy Pa\u0144stwa na kuligi konne.\u00a0Ch\u0119tni mog\u0105 skorzysta\u0107 z noclegu oraz doskona\u0142ej, domowej kuchni z tradycyjnymi potrawami. W sprawie rezerwacji kuligu prosimy o kontakt +48 533-280-480 Zapraszamy do nas dzieci i m\u0142odzie\u017c wraz z rodzicami!\u00a0 Dla narciarzy w odleg\u0142o\u015bci 10 km od naszego gospodarstwa znajduj\u0105 si\u0119 2 wyci\u0105gi narciarskie (pod Wie\u017cyc\u0105), [&hellip;]","og_url":"https:\/\/rychertow.flovmedia.pl\/en\/stajnia\/kuligi\/","og_site_name":"Agroturystyka u Rychert\u00f3w","article_publisher":"https:\/\/www.facebook.com\/profile.php?id=100063644856991","article_modified_time":"2025-01-11T13:24:54+00:00","og_image":[{"width":724,"height":1024,"url":"https:\/\/rychertow.flovmedia.pl\/wp-content\/uploads\/2025\/01\/kulig-2-724x1024.png","type":"image\/png"}],"twitter_card":"summary_large_image","twitter_misc":{"Estimated reading time":"1 minute"},"schema":{"@context":"https:\/\/schema.org","@graph":[{"@type":"WebPage","@id":"https:\/\/rychertow.flovmedia.pl\/stajnia\/kuligi\/","url":"https:\/\/rychertow.flovmedia.pl\/stajnia\/kuligi\/","name":"Kuligi - Agroturystyka u Rychert\u00f3w","isPartOf":{"@id":"https:\/\/rychertow.flovmedia.pl\/#website"},"primaryImageOfPage":{"@id":"https:\/\/rychertow.flovmedia.pl\/stajnia\/kuligi\/#primaryimage"},"image":{"@id":"https:\/\/rychertow.flovmedia.pl\/stajnia\/kuligi\/#primaryimage"},"thumbnailUrl":"https:\/\/rychertow.flovmedia.pl\/wp-content\/uploads\/2025\/01\/kulig-2-724x1024.png","datePublished":"2024-04-23T13:33:14+00:00","dateModified":"2025-01-11T13:24:54+00:00","breadcrumb":{"@id":"https:\/\/rychertow.flovmedia.pl\/stajnia\/kuligi\/#breadcrumb"},"inLanguage":"en-GB","potentialAction":[{"@type":"ReadAction","target":["https:\/\/rychertow.flovmedia.pl\/stajnia\/kuligi\/"]}]},{"@type":"ImageObject","inLanguage":"en-GB","@id":"https:\/\/rychertow.flovmedia.pl\/stajnia\/kuligi\/#primaryimage","url":"https:\/\/rychertow.flovmedia.pl\/wp-content\/uploads\/2025\/01\/kulig-2-724x1024.png","contentUrl":"https:\/\/rychertow.flovmedia.pl\/wp-content\/uploads\/2025\/01\/kulig-2-724x1024.png"},{"@type":"BreadcrumbList","@id":"https:\/\/rychertow.flovmedia.pl\/stajnia\/kuligi\/#breadcrumb","itemListElement":[{"@type":"ListItem","position":1,"name":"Strona g\u0142\u00f3wna","item":"https:\/\/rychertow.flovmedia.pl\/"},{"@type":"ListItem","position":2,"name":"Stajnia","item":"https:\/\/rychertow.flovmedia.pl\/stajnia\/"},{"@type":"ListItem","position":3,"name":"Kuligi"}]},{"@type":"WebSite","@id":"https:\/\/rychertow.flovmedia.pl\/#website","url":"https:\/\/rychertow.flovmedia.pl\/","name":"Agroturystyka u Rychert\u00f3w","description":"Wesela, pokoje, imprezy okoliczno\u015bciowe, stajnia","publisher":{"@id":"https:\/\/rychertow.flovmedia.pl\/#organization"},"alternateName":"AgroRychert","potentialAction":[{"@type":"SearchAction","target":{"@type":"EntryPoint","urlTemplate":"https:\/\/rychertow.flovmedia.pl\/?s={search_term_string}"},"query-input":{"@type":"PropertyValueSpecification","valueRequired":true,"valueName":"search_term_string"}}],"inLanguage":"en-GB"},{"@type":"Organization","@id":"https:\/\/rychertow.flovmedia.pl\/#organization","name":"Agroturystyka u Rychert\u00f3w","url":"https:\/\/rychertow.flovmedia.pl\/","logo":{"@type":"ImageObject","inLanguage":"en-GB","@id":"https:\/\/rychertow.flovmedia.pl\/#\/schema\/logo\/image\/","url":"https:\/\/rychertow.flovmedia.pl\/wp-content\/uploads\/2024\/03\/cropped-agrorychert-kaszebe-logo.png","contentUrl":"https:\/\/rychertow.flovmedia.pl\/wp-content\/uploads\/2024\/03\/cropped-agrorychert-kaszebe-logo.png","width":512,"height":512,"caption":"Agroturystyka u Rychert\u00f3w"},"image":{"@id":"https:\/\/rychertow.flovmedia.pl\/#\/schema\/logo\/image\/"},"sameAs":["https:\/\/www.facebook.com\/profile.php?id=100063644856991","https:\/\/www.instagram.com\/agroturystykaurychertow\/","https:\/\/www.tiktok.com\/@agroturystykaurychertow"]}]}},"_links":{"self":[{"href":"https:\/\/rychertow.flovmedia.pl\/en\/wp-json\/wp\/v2\/pages\/705","targetHints":{"allow":["GET"]}}],"collection":[{"href":"https:\/\/rychertow.flovmedia.pl\/en\/wp-json\/wp\/v2\/pages"}],"about":[{"href":"https:\/\/rychertow.flovmedia.pl\/en\/wp-json\/wp\/v2\/types\/page"}],"author":[{"embeddable":true,"href":"https:\/\/rychertow.flovmedia.pl\/en\/wp-json\/wp\/v2\/users\/1"}],"replies":[{"embeddable":true,"href":"https:\/\/rychertow.flovmedia.pl\/en\/wp-json\/wp\/v2\/comments?post=705"}],"version-history":[{"count":19,"href":"https:\/\/rychertow.flovmedia.pl\/en\/wp-json\/wp\/v2\/pages\/705\/revisions"}],"predecessor-version":[{"id":2317,"href":"https:\/\/rychertow.flovmedia.pl\/en\/wp-json\/wp\/v2\/pages\/705\/revisions\/2317"}],"up":[{"embeddable":true,"href":"https:\/\/rychertow.flovmedia.pl\/en\/wp-json\/wp\/v2\/pages\/764"}],"wp:attachment":[{"href":"https:\/\/rychertow.flovmedia.pl\/en\/wp-json\/wp\/v2\/media?parent=705"}],"curies":[{"name":"wp","href":"https:\/\/api.w.org\/{rel}","templated":true}]}}