{"id":662,"date":"2024-04-19T18:07:05","date_gmt":"2024-04-19T16:07:05","guid":{"rendered":"https:\/\/rychertow.flovmedia.pl\/?page_id=662"},"modified":"2025-03-18T10:18:56","modified_gmt":"2025-03-18T09:18:56","slug":"imprezy-integracyjne","status":"publish","type":"page","link":"https:\/\/rychertow.flovmedia.pl\/en\/imprezy-okolicznosciowe\/imprezy-integracyjne\/","title":{"rendered":"Imprezy integracyjne"},"content":{"rendered":"<div data-elementor-type=\"wp-page\" data-elementor-id=\"662\" class=\"elementor elementor-662\" data-elementor-post-type=\"page\">\n\t\t\t\t\t\t<section class=\"elementor-section elementor-top-section elementor-element elementor-element-6398b89e elementor-section-boxed elementor-section-height-default elementor-section-height-default\" data-id=\"6398b89e\" data-element_type=\"section\" data-settings=\"{&quot;background_background&quot;:&quot;classic&quot;}\">\n\t\t\t\t\t\t\t<div class=\"elementor-background-overlay\"><\/div>\n\t\t\t\t\t\t\t<div class=\"elementor-container elementor-column-gap-default\">\n\t\t\t\t\t<div class=\"elementor-column elementor-col-100 elementor-top-column elementor-element elementor-element-1bb98c9e\" data-id=\"1bb98c9e\" data-element_type=\"column\">\n\t\t\t<div class=\"elementor-widget-wrap elementor-element-populated\">\n\t\t\t\t\t\t<div class=\"elementor-element elementor-element-5e19f796 elementor-absolute animated-slow elementor-invisible elementor-widget elementor-widget-heading\" data-id=\"5e19f796\" data-element_type=\"widget\" data-settings=\"{&quot;_position&quot;:&quot;absolute&quot;,&quot;_animation&quot;:&quot;zoomIn&quot;}\" data-widget_type=\"heading.default\">\n\t\t\t\t<div class=\"elementor-widget-container\">\n\t\t\t\t\t<div class=\"elementor-heading-title elementor-size-default\">Imprezy integracyjne<\/div>\t\t\t\t<\/div>\n\t\t\t\t<\/div>\n\t\t\t\t<div class=\"elementor-element elementor-element-41966248 elementor-invisible elementor-widget elementor-widget-heading\" data-id=\"41966248\" data-element_type=\"widget\" data-settings=\"{&quot;_animation&quot;:&quot;fadeInUp&quot;}\" data-widget_type=\"heading.default\">\n\t\t\t\t<div class=\"elementor-widget-container\">\n\t\t\t\t\t<h1 class=\"elementor-heading-title elementor-size-default\">Imprezy integracyjne<\/h1>\t\t\t\t<\/div>\n\t\t\t\t<\/div>\n\t\t\t\t\t<\/div>\n\t\t<\/div>\n\t\t\t\t\t<\/div>\n\t\t<\/section>\n\t\t\t\t<section class=\"elementor-section elementor-top-section elementor-element elementor-element-5fbf67b4 elementor-section-boxed elementor-section-height-default elementor-section-height-default\" data-id=\"5fbf67b4\" data-element_type=\"section\">\n\t\t\t\t\t\t<div class=\"elementor-container elementor-column-gap-default\">\n\t\t\t\t\t<div class=\"elementor-column elementor-col-66 elementor-top-column elementor-element elementor-element-32512c51\" data-id=\"32512c51\" data-element_type=\"column\">\n\t\t\t<div class=\"elementor-widget-wrap elementor-element-populated\">\n\t\t\t\t\t\t<div class=\"elementor-element elementor-element-598d8b84 elementor-widget elementor-widget-heading\" data-id=\"598d8b84\" data-element_type=\"widget\" data-widget_type=\"heading.default\">\n\t\t\t\t<div class=\"elementor-widget-container\">\n\t\t\t\t\t<h2 class=\"elementor-heading-title elementor-size-default\">Organizujemy imprezy integracyjne oraz zjazdy rodzinne<\/h2>\t\t\t\t<\/div>\n\t\t\t\t<\/div>\n\t\t\t\t<div class=\"elementor-element elementor-element-13fa9f00 elementor-widget elementor-widget-text-editor\" data-id=\"13fa9f00\" data-element_type=\"widget\" data-widget_type=\"text-editor.default\">\n\t\t\t\t<div class=\"elementor-widget-container\">\n\t\t\t\t\t\t\t\t\t<p>W naszej Agroturystyce mo\u017cna odby\u0107 super czas ze swoimi wsp\u00f3\u0142pracownikami czy przyjaci\u00f3\u0142mi z bran\u017cy. Udost\u0119pniamy tak\u017ce sal\u0119 na potrzeby szkole\u0144. Napisz co dok\u0142adnie Ci\u0119 interesuje, a my stworzymy ofert\u0119 dostosowan\u0105 do Waszych preferencji. Zapraszamy do skorzystania z oferty.<\/p>\t\t\t\t\t\t\t\t<\/div>\n\t\t\t\t<\/div>\n\t\t\t\t<div class=\"elementor-element elementor-element-985b0c9 elementor-widget elementor-widget-heading\" data-id=\"985b0c9\" data-element_type=\"widget\" data-widget_type=\"heading.default\">\n\t\t\t\t<div class=\"elementor-widget-container\">\n\t\t\t\t\t<h3 class=\"elementor-heading-title elementor-size-default\">Dodatkowe atrakcje ca\u0142oroczne<\/h3>\t\t\t\t<\/div>\n\t\t\t\t<\/div>\n\t\t<div class=\"elementor-element elementor-element-2bd2a8f e-con-full e-flex e-con e-parent\" data-id=\"2bd2a8f\" data-element_type=\"container\">\n\t\t<div class=\"elementor-element elementor-element-3cc1679 e-con-full e-flex e-con e-child\" data-id=\"3cc1679\" data-element_type=\"container\">\n\t\t\t\t<div class=\"elementor-element elementor-element-8ca92bc elementor-widget elementor-widget-text-editor\" data-id=\"8ca92bc\" data-element_type=\"widget\" data-widget_type=\"text-editor.default\">\n\t\t\t\t<div class=\"elementor-widget-container\">\n\t\t\t\t\t\t\t\t\t<ul><li>kulig\/przeja\u017cd\u017cka wozem<\/li><li>sp\u0142yw kajakowy<\/li><li>ognisko w chacie grillowej<\/li><li><span style=\"background-color: transparent; text-align: var(--text-align); color: var( --e-global-color-text ); font-family: var( --e-global-typography-b2ce6af-font-family ), Sans-serif; font-weight: var( --e-global-typography-b2ce6af-font-weight );\">niezapomniana impreza<\/span><\/li><li><span style=\"background-color: transparent; text-align: var(--text-align); color: var( --e-global-color-text ); font-family: var( --e-global-typography-b2ce6af-font-family ), Sans-serif; font-weight: var( --e-global-typography-b2ce6af-font-weight );\">kr\u0119gle<\/span><\/li><li>sauna + jacuzzi<\/li><li>jazdy konne<\/li><\/ul>\t\t\t\t\t\t\t\t<\/div>\n\t\t\t\t<\/div>\n\t\t\t\t<\/div>\n\t\t\t\t<\/div>\n\t\t\t\t<div class=\"elementor-element elementor-element-379aa1d0 elementor-hidden-desktop elementor-hidden-tablet elementor-hidden-mobile elementor-widget elementor-widget-text-editor\" data-id=\"379aa1d0\" data-element_type=\"widget\" data-widget_type=\"text-editor.default\">\n\t\t\t\t<div class=\"elementor-widget-container\">\n\t\t\t\t\t\t\t\t\t<ol><li>Informacja<\/li><\/ol>\t\t\t\t\t\t\t\t<\/div>\n\t\t\t\t<\/div>\n\t\t\t\t\t<\/div>\n\t\t<\/div>\n\t\t\t\t<div class=\"elementor-column elementor-col-33 elementor-top-column elementor-element elementor-element-2f42bfd2\" data-id=\"2f42bfd2\" data-element_type=\"column\" data-settings=\"{&quot;background_background&quot;:&quot;classic&quot;}\">\n\t\t\t<div class=\"elementor-widget-wrap elementor-element-populated\">\n\t\t\t\t\t\t<div class=\"elementor-element elementor-element-605677e8 elementor-widget elementor-widget-heading\" data-id=\"605677e8\" data-element_type=\"widget\" data-widget_type=\"heading.default\">\n\t\t\t\t<div class=\"elementor-widget-container\">\n\t\t\t\t\t<h3 class=\"elementor-heading-title elementor-size-default\">Zapraszamy do kontaktu<\/h3>\t\t\t\t<\/div>\n\t\t\t\t<\/div>\n\t\t\t\t<div class=\"elementor-element elementor-element-368114bc elementor-widget-divider--view-line elementor-widget elementor-widget-divider\" data-id=\"368114bc\" data-element_type=\"widget\" data-widget_type=\"divider.default\">\n\t\t\t\t<div class=\"elementor-widget-container\">\n\t\t\t\t\t\t\t<div class=\"elementor-divider\">\n\t\t\t<span class=\"elementor-divider-separator\">\n\t\t\t\t\t\t<\/span>\n\t\t<\/div>\n\t\t\t\t\t\t<\/div>\n\t\t\t\t<\/div>\n\t\t\t\t<div class=\"elementor-element elementor-element-28cb7d3 elementor-widget elementor-widget-text-editor\" data-id=\"28cb7d3\" data-element_type=\"widget\" data-widget_type=\"text-editor.default\">\n\t\t\t\t<div class=\"elementor-widget-container\">\n\t\t\t\t\t\t\t\t\t<p>Mo\u017cliwo\u015b\u0107 imprez z noclegami.<\/p>\t\t\t\t\t\t\t\t<\/div>\n\t\t\t\t<\/div>\n\t\t\t\t<div class=\"elementor-element elementor-element-28f1be1 elementor-widget-divider--view-line elementor-widget elementor-widget-divider\" data-id=\"28f1be1\" data-element_type=\"widget\" data-widget_type=\"divider.default\">\n\t\t\t\t<div class=\"elementor-widget-container\">\n\t\t\t\t\t\t\t<div class=\"elementor-divider\">\n\t\t\t<span class=\"elementor-divider-separator\">\n\t\t\t\t\t\t<\/span>\n\t\t<\/div>\n\t\t\t\t\t\t<\/div>\n\t\t\t\t<\/div>\n\t\t\t\t<div class=\"elementor-element elementor-element-54c32bd3 elementor-cta--skin-cover elementor-cta--valign-bottom elementor-bg-transform elementor-bg-transform-move-left elementor-invisible elementor-widget elementor-widget-call-to-action\" data-id=\"54c32bd3\" data-element_type=\"widget\" data-settings=\"{&quot;_animation&quot;:&quot;bounceInUp&quot;}\" data-widget_type=\"call-to-action.default\">\n\t\t\t\t<div class=\"elementor-widget-container\">\n\t\t\t\t\t\t\t<div class=\"elementor-cta\">\n\t\t\t\t\t<div class=\"elementor-cta__bg-wrapper\">\n\t\t\t\t<div class=\"elementor-cta__bg elementor-bg\" style=\"background-image: url(https:\/\/rychertow.flovmedia.pl\/wp-content\/uploads\/2024\/09\/imprezy-integracyjne-u-rychertow-2.jpg);\" role=\"img\" aria-label=\"Imprezy integracyjne &quot;U Rychert\u00f3w&quot;\"><\/div>\n\t\t\t\t<div class=\"elementor-cta__bg-overlay\"><\/div>\n\t\t\t<\/div>\n\t\t\t\t\t\t\t<div class=\"elementor-cta__content\">\n\t\t\t\t\n\t\t\t\t\t\t\t\t\t<h2 class=\"elementor-cta__title elementor-cta__content-item elementor-content-item\">\n\t\t\t\t\t\tZarezerwuj ju\u017c teraz!\t\t\t\t\t<\/h2>\n\t\t\t\t\n\t\t\t\t\n\t\t\t\t\t\t\t\t\t<div class=\"elementor-cta__button-wrapper elementor-cta__content-item elementor-content-item\">\n\t\t\t\t\t<a class=\"elementor-cta__button elementor-button elementor-size-\" href=\"tel: 48603863665\">\n\t\t\t\t\t\tZadzwo\u0144\t\t\t\t\t<\/a>\n\t\t\t\t\t<\/div>\n\t\t\t\t\t\t\t<\/div>\n\t\t\t\t\t\t<\/div>\n\t\t\t\t\t\t<\/div>\n\t\t\t\t<\/div>\n\t\t\t\t\t<\/div>\n\t\t<\/div>\n\t\t\t\t\t<\/div>\n\t\t<\/section>\n\t\t\t\t<\/div>","protected":false},"excerpt":{"rendered":"<p>Imprezy integracyjne Imprezy integracyjne Organizujemy imprezy integracyjne oraz zjazdy rodzinne W naszej Agroturystyce mo\u017cna odby\u0107 super czas ze swoimi wsp\u00f3\u0142pracownikami czy przyjaci\u00f3\u0142mi z bran\u017cy. Udost\u0119pniamy tak\u017ce sal\u0119 na potrzeby szkole\u0144. Napisz co dok\u0142adnie Ci\u0119 interesuje, a my stworzymy ofert\u0119 dostosowan\u0105 do Waszych preferencji. Zapraszamy do skorzystania z oferty. Dodatkowe atrakcje ca\u0142oroczne kulig\/przeja\u017cd\u017cka wozem sp\u0142yw kajakowy [&hellip;]<\/p>","protected":false},"author":1,"featured_media":0,"parent":591,"menu_order":0,"comment_status":"closed","ping_status":"closed","template":"elementor_header_footer","meta":{"footnotes":""},"class_list":["post-662","page","type-page","status-publish","hentry"],"yoast_head":"<!-- This site is optimized with the Yoast SEO plugin v25.4 - https:\/\/yoast.com\/wordpress\/plugins\/seo\/ -->\n<title>Imprezy integracyjne - Agroturystyka u Rychert\u00f3w<\/title>\n<meta name=\"robots\" content=\"index, follow, max-snippet:-1, max-image-preview:large, max-video-preview:-1\" \/>\n<link rel=\"canonical\" href=\"https:\/\/rychertow.flovmedia.pl\/en\/imprezy-okolicznosciowe\/imprezy-integracyjne\/\" \/>\n<meta property=\"og:locale\" content=\"en_GB\" \/>\n<meta property=\"og:type\" content=\"article\" \/>\n<meta property=\"og:title\" content=\"Imprezy integracyjne - Agroturystyka u Rychert\u00f3w\" \/>\n<meta property=\"og:description\" content=\"Imprezy integracyjne Imprezy integracyjne Organizujemy imprezy integracyjne oraz zjazdy rodzinne W naszej Agroturystyce mo\u017cna odby\u0107 super czas ze swoimi wsp\u00f3\u0142pracownikami czy przyjaci\u00f3\u0142mi z bran\u017cy. Udost\u0119pniamy tak\u017ce sal\u0119 na potrzeby szkole\u0144. Napisz co dok\u0142adnie Ci\u0119 interesuje, a my stworzymy ofert\u0119 dostosowan\u0105 do Waszych preferencji. Zapraszamy do skorzystania z oferty. Dodatkowe atrakcje ca\u0142oroczne kulig\/przeja\u017cd\u017cka wozem sp\u0142yw kajakowy [&hellip;]\" \/>\n<meta property=\"og:url\" content=\"https:\/\/rychertow.flovmedia.pl\/en\/imprezy-okolicznosciowe\/imprezy-integracyjne\/\" \/>\n<meta property=\"og:site_name\" content=\"Agroturystyka u Rychert\u00f3w\" \/>\n<meta property=\"article:publisher\" content=\"https:\/\/www.facebook.com\/profile.php?id=100063644856991\" \/>\n<meta property=\"article:modified_time\" content=\"2025-03-18T09:18:56+00:00\" \/>\n<meta name=\"twitter:card\" content=\"summary_large_image\" \/>\n<script type=\"application\/ld+json\" class=\"yoast-schema-graph\">{\"@context\":\"https:\/\/schema.org\",\"@graph\":[{\"@type\":\"WebPage\",\"@id\":\"https:\/\/rychertow.flovmedia.pl\/imprezy-okolicznosciowe\/imprezy-integracyjne\/\",\"url\":\"https:\/\/rychertow.flovmedia.pl\/imprezy-okolicznosciowe\/imprezy-integracyjne\/\",\"name\":\"Imprezy integracyjne - Agroturystyka u Rychert\u00f3w\",\"isPartOf\":{\"@id\":\"https:\/\/rychertow.flovmedia.pl\/#website\"},\"datePublished\":\"2024-04-19T16:07:05+00:00\",\"dateModified\":\"2025-03-18T09:18:56+00:00\",\"breadcrumb\":{\"@id\":\"https:\/\/rychertow.flovmedia.pl\/imprezy-okolicznosciowe\/imprezy-integracyjne\/#breadcrumb\"},\"inLanguage\":\"en-GB\",\"potentialAction\":[{\"@type\":\"ReadAction\",\"target\":[\"https:\/\/rychertow.flovmedia.pl\/imprezy-okolicznosciowe\/imprezy-integracyjne\/\"]}]},{\"@type\":\"BreadcrumbList\",\"@id\":\"https:\/\/rychertow.flovmedia.pl\/imprezy-okolicznosciowe\/imprezy-integracyjne\/#breadcrumb\",\"itemListElement\":[{\"@type\":\"ListItem\",\"position\":1,\"name\":\"Strona g\u0142\u00f3wna\",\"item\":\"https:\/\/rychertow.flovmedia.pl\/\"},{\"@type\":\"ListItem\",\"position\":2,\"name\":\"Imprezy okoliczno\u015bciowe\",\"item\":\"https:\/\/rychertow.flovmedia.pl\/imprezy-okolicznosciowe\/\"},{\"@type\":\"ListItem\",\"position\":3,\"name\":\"Imprezy integracyjne\"}]},{\"@type\":\"WebSite\",\"@id\":\"https:\/\/rychertow.flovmedia.pl\/#website\",\"url\":\"https:\/\/rychertow.flovmedia.pl\/\",\"name\":\"Agroturystyka u Rychert\u00f3w\",\"description\":\"Wesela, pokoje, imprezy okoliczno\u015bciowe, stajnia\",\"publisher\":{\"@id\":\"https:\/\/rychertow.flovmedia.pl\/#organization\"},\"alternateName\":\"AgroRychert\",\"potentialAction\":[{\"@type\":\"SearchAction\",\"target\":{\"@type\":\"EntryPoint\",\"urlTemplate\":\"https:\/\/rychertow.flovmedia.pl\/?s={search_term_string}\"},\"query-input\":{\"@type\":\"PropertyValueSpecification\",\"valueRequired\":true,\"valueName\":\"search_term_string\"}}],\"inLanguage\":\"en-GB\"},{\"@type\":\"Organization\",\"@id\":\"https:\/\/rychertow.flovmedia.pl\/#organization\",\"name\":\"Agroturystyka u Rychert\u00f3w\",\"url\":\"https:\/\/rychertow.flovmedia.pl\/\",\"logo\":{\"@type\":\"ImageObject\",\"inLanguage\":\"en-GB\",\"@id\":\"https:\/\/rychertow.flovmedia.pl\/#\/schema\/logo\/image\/\",\"url\":\"https:\/\/rychertow.flovmedia.pl\/wp-content\/uploads\/2024\/03\/cropped-agrorychert-kaszebe-logo.png\",\"contentUrl\":\"https:\/\/rychertow.flovmedia.pl\/wp-content\/uploads\/2024\/03\/cropped-agrorychert-kaszebe-logo.png\",\"width\":512,\"height\":512,\"caption\":\"Agroturystyka u Rychert\u00f3w\"},\"image\":{\"@id\":\"https:\/\/rychertow.flovmedia.pl\/#\/schema\/logo\/image\/\"},\"sameAs\":[\"https:\/\/www.facebook.com\/profile.php?id=100063644856991\",\"https:\/\/www.instagram.com\/agroturystykaurychertow\/\",\"https:\/\/www.tiktok.com\/@agroturystykaurychertow\"]}]}<\/script>\n<!-- \/ Yoast SEO plugin. -->","yoast_head_json":{"title":"Imprezy integracyjne - Agroturystyka u Rychert\u00f3w","robots":{"index":"index","follow":"follow","max-snippet":"max-snippet:-1","max-image-preview":"max-image-preview:large","max-video-preview":"max-video-preview:-1"},"canonical":"https:\/\/rychertow.flovmedia.pl\/en\/imprezy-okolicznosciowe\/imprezy-integracyjne\/","og_locale":"en_GB","og_type":"article","og_title":"Imprezy integracyjne - Agroturystyka u Rychert\u00f3w","og_description":"Imprezy integracyjne Imprezy integracyjne Organizujemy imprezy integracyjne oraz zjazdy rodzinne W naszej Agroturystyce mo\u017cna odby\u0107 super czas ze swoimi wsp\u00f3\u0142pracownikami czy przyjaci\u00f3\u0142mi z bran\u017cy. Udost\u0119pniamy tak\u017ce sal\u0119 na potrzeby szkole\u0144. Napisz co dok\u0142adnie Ci\u0119 interesuje, a my stworzymy ofert\u0119 dostosowan\u0105 do Waszych preferencji. Zapraszamy do skorzystania z oferty. Dodatkowe atrakcje ca\u0142oroczne kulig\/przeja\u017cd\u017cka wozem sp\u0142yw kajakowy [&hellip;]","og_url":"https:\/\/rychertow.flovmedia.pl\/en\/imprezy-okolicznosciowe\/imprezy-integracyjne\/","og_site_name":"Agroturystyka u Rychert\u00f3w","article_publisher":"https:\/\/www.facebook.com\/profile.php?id=100063644856991","article_modified_time":"2025-03-18T09:18:56+00:00","twitter_card":"summary_large_image","schema":{"@context":"https:\/\/schema.org","@graph":[{"@type":"WebPage","@id":"https:\/\/rychertow.flovmedia.pl\/imprezy-okolicznosciowe\/imprezy-integracyjne\/","url":"https:\/\/rychertow.flovmedia.pl\/imprezy-okolicznosciowe\/imprezy-integracyjne\/","name":"Imprezy integracyjne - Agroturystyka u Rychert\u00f3w","isPartOf":{"@id":"https:\/\/rychertow.flovmedia.pl\/#website"},"datePublished":"2024-04-19T16:07:05+00:00","dateModified":"2025-03-18T09:18:56+00:00","breadcrumb":{"@id":"https:\/\/rychertow.flovmedia.pl\/imprezy-okolicznosciowe\/imprezy-integracyjne\/#breadcrumb"},"inLanguage":"en-GB","potentialAction":[{"@type":"ReadAction","target":["https:\/\/rychertow.flovmedia.pl\/imprezy-okolicznosciowe\/imprezy-integracyjne\/"]}]},{"@type":"BreadcrumbList","@id":"https:\/\/rychertow.flovmedia.pl\/imprezy-okolicznosciowe\/imprezy-integracyjne\/#breadcrumb","itemListElement":[{"@type":"ListItem","position":1,"name":"Strona g\u0142\u00f3wna","item":"https:\/\/rychertow.flovmedia.pl\/"},{"@type":"ListItem","position":2,"name":"Imprezy okoliczno\u015bciowe","item":"https:\/\/rychertow.flovmedia.pl\/imprezy-okolicznosciowe\/"},{"@type":"ListItem","position":3,"name":"Imprezy integracyjne"}]},{"@type":"WebSite","@id":"https:\/\/rychertow.flovmedia.pl\/#website","url":"https:\/\/rychertow.flovmedia.pl\/","name":"Agroturystyka u Rychert\u00f3w","description":"Wesela, pokoje, imprezy okoliczno\u015bciowe, stajnia","publisher":{"@id":"https:\/\/rychertow.flovmedia.pl\/#organization"},"alternateName":"AgroRychert","potentialAction":[{"@type":"SearchAction","target":{"@type":"EntryPoint","urlTemplate":"https:\/\/rychertow.flovmedia.pl\/?s={search_term_string}"},"query-input":{"@type":"PropertyValueSpecification","valueRequired":true,"valueName":"search_term_string"}}],"inLanguage":"en-GB"},{"@type":"Organization","@id":"https:\/\/rychertow.flovmedia.pl\/#organization","name":"Agroturystyka u Rychert\u00f3w","url":"https:\/\/rychertow.flovmedia.pl\/","logo":{"@type":"ImageObject","inLanguage":"en-GB","@id":"https:\/\/rychertow.flovmedia.pl\/#\/schema\/logo\/image\/","url":"https:\/\/rychertow.flovmedia.pl\/wp-content\/uploads\/2024\/03\/cropped-agrorychert-kaszebe-logo.png","contentUrl":"https:\/\/rychertow.flovmedia.pl\/wp-content\/uploads\/2024\/03\/cropped-agrorychert-kaszebe-logo.png","width":512,"height":512,"caption":"Agroturystyka u Rychert\u00f3w"},"image":{"@id":"https:\/\/rychertow.flovmedia.pl\/#\/schema\/logo\/image\/"},"sameAs":["https:\/\/www.facebook.com\/profile.php?id=100063644856991","https:\/\/www.instagram.com\/agroturystykaurychertow\/","https:\/\/www.tiktok.com\/@agroturystykaurychertow"]}]}},"_links":{"self":[{"href":"https:\/\/rychertow.flovmedia.pl\/en\/wp-json\/wp\/v2\/pages\/662","targetHints":{"allow":["GET"]}}],"collection":[{"href":"https:\/\/rychertow.flovmedia.pl\/en\/wp-json\/wp\/v2\/pages"}],"about":[{"href":"https:\/\/rychertow.flovmedia.pl\/en\/wp-json\/wp\/v2\/types\/page"}],"author":[{"embeddable":true,"href":"https:\/\/rychertow.flovmedia.pl\/en\/wp-json\/wp\/v2\/users\/1"}],"replies":[{"embeddable":true,"href":"https:\/\/rychertow.flovmedia.pl\/en\/wp-json\/wp\/v2\/comments?post=662"}],"version-history":[{"count":19,"href":"https:\/\/rychertow.flovmedia.pl\/en\/wp-json\/wp\/v2\/pages\/662\/revisions"}],"predecessor-version":[{"id":2602,"href":"https:\/\/rychertow.flovmedia.pl\/en\/wp-json\/wp\/v2\/pages\/662\/revisions\/2602"}],"up":[{"embeddable":true,"href":"https:\/\/rychertow.flovmedia.pl\/en\/wp-json\/wp\/v2\/pages\/591"}],"wp:attachment":[{"href":"https:\/\/rychertow.flovmedia.pl\/en\/wp-json\/wp\/v2\/media?parent=662"}],"curies":[{"name":"wp","href":"https:\/\/api.w.org\/{rel}","templated":true}]}}