{"id":601,"date":"2024-04-19T16:09:27","date_gmt":"2024-04-19T14:09:27","guid":{"rendered":"https:\/\/rychertow.flovmedia.pl\/?page_id=601"},"modified":"2024-11-19T16:24:15","modified_gmt":"2024-11-19T15:24:15","slug":"andrzejki","status":"publish","type":"page","link":"https:\/\/rychertow.flovmedia.pl\/en\/imprezy-okolicznosciowe\/andrzejki\/","title":{"rendered":"Andrzejki"},"content":{"rendered":"<div data-elementor-type=\"wp-page\" data-elementor-id=\"601\" class=\"elementor elementor-601\" data-elementor-post-type=\"page\">\n\t\t\t\t\t\t<section class=\"elementor-section elementor-top-section elementor-element elementor-element-6398b89e elementor-section-boxed elementor-section-height-default elementor-section-height-default\" data-id=\"6398b89e\" data-element_type=\"section\" data-settings=\"{&quot;background_background&quot;:&quot;classic&quot;}\">\n\t\t\t\t\t\t\t<div class=\"elementor-background-overlay\"><\/div>\n\t\t\t\t\t\t\t<div class=\"elementor-container elementor-column-gap-default\">\n\t\t\t\t\t<div class=\"elementor-column elementor-col-100 elementor-top-column elementor-element elementor-element-1bb98c9e\" data-id=\"1bb98c9e\" data-element_type=\"column\">\n\t\t\t<div class=\"elementor-widget-wrap elementor-element-populated\">\n\t\t\t\t\t\t<div class=\"elementor-element elementor-element-5e19f796 elementor-absolute animated-slow elementor-invisible elementor-widget elementor-widget-heading\" data-id=\"5e19f796\" data-element_type=\"widget\" data-settings=\"{&quot;_position&quot;:&quot;absolute&quot;,&quot;_animation&quot;:&quot;zoomIn&quot;}\" data-widget_type=\"heading.default\">\n\t\t\t\t<div class=\"elementor-widget-container\">\n\t\t\t\t\t<div class=\"elementor-heading-title elementor-size-default\">Andrzejki<\/div>\t\t\t\t<\/div>\n\t\t\t\t<\/div>\n\t\t\t\t<div class=\"elementor-element elementor-element-41966248 elementor-invisible elementor-widget elementor-widget-heading\" data-id=\"41966248\" data-element_type=\"widget\" data-settings=\"{&quot;_animation&quot;:&quot;fadeInUp&quot;}\" data-widget_type=\"heading.default\">\n\t\t\t\t<div class=\"elementor-widget-container\">\n\t\t\t\t\t<h1 class=\"elementor-heading-title elementor-size-default\">Andrzejki<\/h1>\t\t\t\t<\/div>\n\t\t\t\t<\/div>\n\t\t\t\t\t<\/div>\n\t\t<\/div>\n\t\t\t\t\t<\/div>\n\t\t<\/section>\n\t\t\t\t<section class=\"elementor-section elementor-top-section elementor-element elementor-element-5fbf67b4 elementor-section-boxed elementor-section-height-default elementor-section-height-default\" data-id=\"5fbf67b4\" data-element_type=\"section\">\n\t\t\t\t\t\t<div class=\"elementor-container elementor-column-gap-default\">\n\t\t\t\t\t<div class=\"elementor-column elementor-col-66 elementor-top-column elementor-element elementor-element-32512c51\" data-id=\"32512c51\" data-element_type=\"column\">\n\t\t\t<div class=\"elementor-widget-wrap elementor-element-populated\">\n\t\t\t\t\t\t<div class=\"elementor-element elementor-element-598d8b84 elementor-widget elementor-widget-heading\" data-id=\"598d8b84\" data-element_type=\"widget\" data-widget_type=\"heading.default\">\n\t\t\t\t<div class=\"elementor-widget-container\">\n\t\t\t\t\t<h2 class=\"elementor-heading-title elementor-size-default\">Opis oferty na Andrzejki<\/h2>\t\t\t\t<\/div>\n\t\t\t\t<\/div>\n\t\t\t\t<div class=\"elementor-element elementor-element-13fa9f00 elementor-widget elementor-widget-text-editor\" data-id=\"13fa9f00\" data-element_type=\"widget\" data-widget_type=\"text-editor.default\">\n\t\t\t\t<div class=\"elementor-widget-container\">\n\t\t\t\t\t\t\t\t\t<p>Zapraszamy na Andrzejki na Kaszubach u Rychert\u00f3w w Kie\u0142pinie, kt\u00f3re odb\u0119d\u0105 si\u0119 23 i 30 listopada 2024 roku, w godzinach 20:00-4:00. Koszt uczestnictwa wynosi 200 z\u0142 za osob\u0119. Oferujemy tak\u017ce imprez\u0119 z noclegiem oraz \u015bniadaniem w pokoju 2-osobowym za 320 z\u0142 za osob\u0119, z mo\u017cliwo\u015bci\u0105 zni\u017cek przy wi\u0119kszych pokojach. Doba hotelowa podczas Ostatk\u00f3w trwa od 16:00 do 13:30. Wymagana jest zaliczka w wysoko\u015bci 50%, a pe\u0142na kwota powinna by\u0107 wp\u0142acona dwa tygodnie przed imprez\u0105. Alkohol nale\u017cy przynie\u015b\u0107 we w\u0142asnym zakresie. Uczestnictwo oznacza zgod\u0119 na publikacj\u0119 wizerunku.<\/p>\t\t\t\t\t\t\t\t<\/div>\n\t\t\t\t<\/div>\n\t\t\t\t<div class=\"elementor-element elementor-element-4163bd1 elementor-widget elementor-widget-heading\" data-id=\"4163bd1\" data-element_type=\"widget\" data-widget_type=\"heading.default\">\n\t\t\t\t<div class=\"elementor-widget-container\">\n\t\t\t\t\t<h3 class=\"elementor-heading-title elementor-size-default\">Plakat<\/h3>\t\t\t\t<\/div>\n\t\t\t\t<\/div>\n\t\t\t\t<div class=\"elementor-element elementor-element-984251e elementor-widget elementor-widget-image\" data-id=\"984251e\" data-element_type=\"widget\" data-widget_type=\"image.default\">\n\t\t\t\t<div class=\"elementor-widget-container\">\n\t\t\t\t\t\t\t\t\t\t\t\t\t\t\t<img fetchpriority=\"high\" decoding=\"async\" width=\"724\" height=\"1024\" src=\"https:\/\/rychertow.flovmedia.pl\/wp-content\/uploads\/2024\/09\/plakat-andrzejki-2024-u-rychertow-724x1024.png\" class=\"attachment-large size-large wp-image-1336\" alt=\"Andrzejki 2024\" srcset=\"https:\/\/rychertow.flovmedia.pl\/wp-content\/uploads\/2024\/09\/plakat-andrzejki-2024-u-rychertow-724x1024.png 724w, https:\/\/rychertow.flovmedia.pl\/wp-content\/uploads\/2024\/09\/plakat-andrzejki-2024-u-rychertow-212x300.png 212w, https:\/\/rychertow.flovmedia.pl\/wp-content\/uploads\/2024\/09\/plakat-andrzejki-2024-u-rychertow-768x1086.png 768w, https:\/\/rychertow.flovmedia.pl\/wp-content\/uploads\/2024\/09\/plakat-andrzejki-2024-u-rychertow-1086x1536.png 1086w, https:\/\/rychertow.flovmedia.pl\/wp-content\/uploads\/2024\/09\/plakat-andrzejki-2024-u-rychertow.png 1414w\" sizes=\"(max-width: 724px) 100vw, 724px\" \/>\t\t\t\t\t\t\t\t\t\t\t\t\t\t\t<\/div>\n\t\t\t\t<\/div>\n\t\t\t\t<div class=\"elementor-element elementor-element-e4125ac elementor-widget elementor-widget-image\" data-id=\"e4125ac\" data-element_type=\"widget\" data-widget_type=\"image.default\">\n\t\t\t\t<div class=\"elementor-widget-container\">\n\t\t\t\t\t\t\t\t\t\t\t\t\t\t\t<img decoding=\"async\" width=\"724\" height=\"1024\" src=\"https:\/\/rychertow.flovmedia.pl\/wp-content\/uploads\/2024\/11\/andrzejki-2024-3-724x1024.png\" class=\"attachment-large size-large wp-image-1834\" alt=\"Menu na Andrzejki\" srcset=\"https:\/\/rychertow.flovmedia.pl\/wp-content\/uploads\/2024\/11\/andrzejki-2024-3-724x1024.png 724w, https:\/\/rychertow.flovmedia.pl\/wp-content\/uploads\/2024\/11\/andrzejki-2024-3-212x300.png 212w, https:\/\/rychertow.flovmedia.pl\/wp-content\/uploads\/2024\/11\/andrzejki-2024-3-768x1086.png 768w, https:\/\/rychertow.flovmedia.pl\/wp-content\/uploads\/2024\/11\/andrzejki-2024-3-1086x1536.png 1086w, https:\/\/rychertow.flovmedia.pl\/wp-content\/uploads\/2024\/11\/andrzejki-2024-3.png 1414w\" sizes=\"(max-width: 724px) 100vw, 724px\" \/>\t\t\t\t\t\t\t\t\t\t\t\t\t\t\t<\/div>\n\t\t\t\t<\/div>\n\t\t\t\t<div class=\"elementor-element elementor-element-49fd06f9 elementor-widget__width-auto elementor-widget elementor-widget-heading\" data-id=\"49fd06f9\" data-element_type=\"widget\" data-widget_type=\"heading.default\">\n\t\t\t\t<div class=\"elementor-widget-container\">\n\t\t\t\t\t<h4 class=\"elementor-heading-title elementor-size-default\">Dodatkowe informacje<\/h4>\t\t\t\t<\/div>\n\t\t\t\t<\/div>\n\t\t\t\t<div class=\"elementor-element elementor-element-379aa1d0 elementor-widget elementor-widget-text-editor\" data-id=\"379aa1d0\" data-element_type=\"widget\" data-widget_type=\"text-editor.default\">\n\t\t\t\t<div class=\"elementor-widget-container\">\n\t\t\t\t\t\t\t\t\t<ol><li>Nale\u017cy wp\u0142aci\u0107 zaliczk\u0119 w wysoko\u015bci 50%, dwa tygodnie przed imprez\u0105 nale\u017cy wp\u0142aci\u0107 ca\u0142o\u015b\u0107.<\/li><li>Brak mo\u017cliwo\u015bci kupna alkoholu &#8211; alkohol we w\u0142asnym zakresie.<\/li><li>Uczestnictwo w imprezie jest jednoznaczn\u0105 zgod\u0105 na publikacj\u0119 wizerunku.<\/li><\/ol>\t\t\t\t\t\t\t\t<\/div>\n\t\t\t\t<\/div>\n\t\t\t\t\t<\/div>\n\t\t<\/div>\n\t\t\t\t<div class=\"elementor-column elementor-col-33 elementor-top-column elementor-element elementor-element-2f42bfd2\" data-id=\"2f42bfd2\" data-element_type=\"column\" data-settings=\"{&quot;background_background&quot;:&quot;classic&quot;}\">\n\t\t\t<div class=\"elementor-widget-wrap elementor-element-populated\">\n\t\t\t\t\t\t<div class=\"elementor-element elementor-element-605677e8 elementor-widget elementor-widget-heading\" data-id=\"605677e8\" data-element_type=\"widget\" data-widget_type=\"heading.default\">\n\t\t\t\t<div class=\"elementor-widget-container\">\n\t\t\t\t\t<h3 class=\"elementor-heading-title elementor-size-default\">Cennik Andrzejek<\/h3>\t\t\t\t<\/div>\n\t\t\t\t<\/div>\n\t\t\t\t<div class=\"elementor-element elementor-element-368114bc elementor-widget-divider--view-line elementor-widget elementor-widget-divider\" data-id=\"368114bc\" data-element_type=\"widget\" data-widget_type=\"divider.default\">\n\t\t\t\t<div class=\"elementor-widget-container\">\n\t\t\t\t\t\t\t<div class=\"elementor-divider\">\n\t\t\t<span class=\"elementor-divider-separator\">\n\t\t\t\t\t\t<\/span>\n\t\t<\/div>\n\t\t\t\t\t\t<\/div>\n\t\t\t\t<\/div>\n\t\t\t\t<div class=\"elementor-element elementor-element-5f3be8f6 elementor-icon-list--layout-traditional elementor-list-item-link-full_width elementor-widget elementor-widget-icon-list\" data-id=\"5f3be8f6\" data-element_type=\"widget\" data-widget_type=\"icon-list.default\">\n\t\t\t\t<div class=\"elementor-widget-container\">\n\t\t\t\t\t\t\t<ul class=\"elementor-icon-list-items\">\n\t\t\t\t\t\t\t<li class=\"elementor-icon-list-item\">\n\t\t\t\t\t\t\t\t\t\t\t<span class=\"elementor-icon-list-icon\">\n\t\t\t\t\t\t\t<i aria-hidden=\"true\" class=\"icon icon-tick\"><\/i>\t\t\t\t\t\t<\/span>\n\t\t\t\t\t\t\t\t\t\t<span class=\"elementor-icon-list-text\">Koszt: 200 z\u0142otych\/osoba<\/span>\n\t\t\t\t\t\t\t\t\t<\/li>\n\t\t\t\t\t\t<\/ul>\n\t\t\t\t\t\t<\/div>\n\t\t\t\t<\/div>\n\t\t\t\t<div class=\"elementor-element elementor-element-7676614 elementor-widget elementor-widget-heading\" data-id=\"7676614\" data-element_type=\"widget\" data-widget_type=\"heading.default\">\n\t\t\t\t<div class=\"elementor-widget-container\">\n\t\t\t\t\t<h3 class=\"elementor-heading-title elementor-size-default\">Nocleg andrzejkowy<\/h3>\t\t\t\t<\/div>\n\t\t\t\t<\/div>\n\t\t\t\t<div class=\"elementor-element elementor-element-276fb8aa elementor-widget-divider--view-line elementor-widget elementor-widget-divider\" data-id=\"276fb8aa\" data-element_type=\"widget\" data-widget_type=\"divider.default\">\n\t\t\t\t<div class=\"elementor-widget-container\">\n\t\t\t\t\t\t\t<div class=\"elementor-divider\">\n\t\t\t<span class=\"elementor-divider-separator\">\n\t\t\t\t\t\t<\/span>\n\t\t<\/div>\n\t\t\t\t\t\t<\/div>\n\t\t\t\t<\/div>\n\t\t\t\t<div class=\"elementor-element elementor-element-ae26a04 elementor-widget elementor-widget-text-editor\" data-id=\"ae26a04\" data-element_type=\"widget\" data-widget_type=\"text-editor.default\">\n\t\t\t\t<div class=\"elementor-widget-container\">\n\t\t\t\t\t\t\t\t\t<p>Oferujemy tak\u017ce imprez\u0119 z noclegiem oraz \u015bniadaniem.<\/p>\t\t\t\t\t\t\t\t<\/div>\n\t\t\t\t<\/div>\n\t\t\t\t<div class=\"elementor-element elementor-element-108520f elementor-icon-list--layout-traditional elementor-list-item-link-full_width elementor-widget elementor-widget-icon-list\" data-id=\"108520f\" data-element_type=\"widget\" data-widget_type=\"icon-list.default\">\n\t\t\t\t<div class=\"elementor-widget-container\">\n\t\t\t\t\t\t\t<ul class=\"elementor-icon-list-items\">\n\t\t\t\t\t\t\t<li class=\"elementor-icon-list-item\">\n\t\t\t\t\t\t\t\t\t\t\t<span class=\"elementor-icon-list-icon\">\n\t\t\t\t\t\t\t<i aria-hidden=\"true\" class=\"icon icon-tick\"><\/i>\t\t\t\t\t\t<\/span>\n\t\t\t\t\t\t\t\t\t\t<span class=\"elementor-icon-list-text\">Pok\u00f3j dwuosobowy: 320 z\u0142\/os.<\/span>\n\t\t\t\t\t\t\t\t\t<\/li>\n\t\t\t\t\t\t<\/ul>\n\t\t\t\t\t\t<\/div>\n\t\t\t\t<\/div>\n\t\t\t\t<div class=\"elementor-element elementor-element-28f1be1 elementor-widget-divider--view-line elementor-widget elementor-widget-divider\" data-id=\"28f1be1\" data-element_type=\"widget\" data-widget_type=\"divider.default\">\n\t\t\t\t<div class=\"elementor-widget-container\">\n\t\t\t\t\t\t\t<div class=\"elementor-divider\">\n\t\t\t<span class=\"elementor-divider-separator\">\n\t\t\t\t\t\t<\/span>\n\t\t<\/div>\n\t\t\t\t\t\t<\/div>\n\t\t\t\t<\/div>\n\t\t\t\t<div class=\"elementor-element elementor-element-54c32bd3 elementor-cta--skin-cover elementor-cta--valign-bottom elementor-bg-transform elementor-bg-transform-move-left elementor-invisible elementor-widget elementor-widget-call-to-action\" data-id=\"54c32bd3\" data-element_type=\"widget\" data-settings=\"{&quot;_animation&quot;:&quot;bounceInUp&quot;}\" data-widget_type=\"call-to-action.default\">\n\t\t\t\t<div class=\"elementor-widget-container\">\n\t\t\t\t\t\t\t<div class=\"elementor-cta\">\n\t\t\t\t\t<div class=\"elementor-cta__bg-wrapper\">\n\t\t\t\t<div class=\"elementor-cta__bg elementor-bg\" style=\"background-image: url(https:\/\/rychertow.flovmedia.pl\/wp-content\/uploads\/2024\/08\/sala-kominkowa-u-rychertow-39.jpg);\" role=\"img\" aria-label=\"Sala kominkowa &quot;U Rychert\u00f3w&quot;\"><\/div>\n\t\t\t\t<div class=\"elementor-cta__bg-overlay\"><\/div>\n\t\t\t<\/div>\n\t\t\t\t\t\t\t<div class=\"elementor-cta__content\">\n\t\t\t\t\n\t\t\t\t\t\t\t\t\t<h2 class=\"elementor-cta__title elementor-cta__content-item elementor-content-item\">\n\t\t\t\t\t\tZarezerwuj ju\u017c teraz!\t\t\t\t\t<\/h2>\n\t\t\t\t\n\t\t\t\t\n\t\t\t\t\t\t\t\t\t<div class=\"elementor-cta__button-wrapper elementor-cta__content-item elementor-content-item\">\n\t\t\t\t\t<a class=\"elementor-cta__button elementor-button elementor-size-\" href=\"tel: 48603863665\">\n\t\t\t\t\t\tZadzwo\u0144\t\t\t\t\t<\/a>\n\t\t\t\t\t<\/div>\n\t\t\t\t\t\t\t<\/div>\n\t\t\t\t\t\t<\/div>\n\t\t\t\t\t\t<\/div>\n\t\t\t\t<\/div>\n\t\t\t\t\t<\/div>\n\t\t<\/div>\n\t\t\t\t\t<\/div>\n\t\t<\/section>\n\t\t\t\t<\/div>","protected":false},"excerpt":{"rendered":"<p>Andrzejki Andrzejki Opis oferty na Andrzejki Zapraszamy na Andrzejki na Kaszubach u Rychert\u00f3w w Kie\u0142pinie, kt\u00f3re odb\u0119d\u0105 si\u0119 23 i 30 listopada 2024 roku, w godzinach 20:00-4:00. Koszt uczestnictwa wynosi 200 z\u0142 za osob\u0119. Oferujemy tak\u017ce imprez\u0119 z noclegiem oraz \u015bniadaniem w pokoju 2-osobowym za 320 z\u0142 za osob\u0119, z mo\u017cliwo\u015bci\u0105 zni\u017cek przy wi\u0119kszych pokojach. [&hellip;]<\/p>","protected":false},"author":1,"featured_media":0,"parent":591,"menu_order":0,"comment_status":"closed","ping_status":"closed","template":"elementor_header_footer","meta":{"footnotes":""},"class_list":["post-601","page","type-page","status-publish","hentry"],"yoast_head":"<!-- This site is optimized with the Yoast SEO plugin v25.4 - https:\/\/yoast.com\/wordpress\/plugins\/seo\/ -->\n<title>Andrzejki - Agroturystyka u Rychert\u00f3w<\/title>\n<meta name=\"robots\" content=\"index, follow, max-snippet:-1, max-image-preview:large, max-video-preview:-1\" \/>\n<link rel=\"canonical\" href=\"https:\/\/rychertow.flovmedia.pl\/en\/imprezy-okolicznosciowe\/andrzejki\/\" \/>\n<meta property=\"og:locale\" content=\"en_GB\" \/>\n<meta property=\"og:type\" content=\"article\" \/>\n<meta property=\"og:title\" content=\"Andrzejki - Agroturystyka u Rychert\u00f3w\" \/>\n<meta property=\"og:description\" content=\"Andrzejki Andrzejki Opis oferty na Andrzejki Zapraszamy na Andrzejki na Kaszubach u Rychert\u00f3w w Kie\u0142pinie, kt\u00f3re odb\u0119d\u0105 si\u0119 23 i 30 listopada 2024 roku, w godzinach 20:00-4:00. Koszt uczestnictwa wynosi 200 z\u0142 za osob\u0119. Oferujemy tak\u017ce imprez\u0119 z noclegiem oraz \u015bniadaniem w pokoju 2-osobowym za 320 z\u0142 za osob\u0119, z mo\u017cliwo\u015bci\u0105 zni\u017cek przy wi\u0119kszych pokojach. [&hellip;]\" \/>\n<meta property=\"og:url\" content=\"https:\/\/rychertow.flovmedia.pl\/en\/imprezy-okolicznosciowe\/andrzejki\/\" \/>\n<meta property=\"og:site_name\" content=\"Agroturystyka u Rychert\u00f3w\" \/>\n<meta property=\"article:publisher\" content=\"https:\/\/www.facebook.com\/profile.php?id=100063644856991\" \/>\n<meta property=\"article:modified_time\" content=\"2024-11-19T15:24:15+00:00\" \/>\n<meta property=\"og:image\" content=\"https:\/\/rychertow.flovmedia.pl\/wp-content\/uploads\/2024\/09\/plakat-andrzejki-2024-u-rychertow-724x1024.png\" \/>\n\t<meta property=\"og:image:width\" content=\"724\" \/>\n\t<meta property=\"og:image:height\" content=\"1024\" \/>\n\t<meta property=\"og:image:type\" content=\"image\/png\" \/>\n<meta name=\"twitter:card\" content=\"summary_large_image\" \/>\n<meta name=\"twitter:label1\" content=\"Estimated reading time\" \/>\n\t<meta name=\"twitter:data1\" content=\"1 minute\" \/>\n<script type=\"application\/ld+json\" class=\"yoast-schema-graph\">{\"@context\":\"https:\/\/schema.org\",\"@graph\":[{\"@type\":\"WebPage\",\"@id\":\"https:\/\/rychertow.flovmedia.pl\/imprezy-okolicznosciowe\/andrzejki\/\",\"url\":\"https:\/\/rychertow.flovmedia.pl\/imprezy-okolicznosciowe\/andrzejki\/\",\"name\":\"Andrzejki - Agroturystyka u Rychert\u00f3w\",\"isPartOf\":{\"@id\":\"https:\/\/rychertow.flovmedia.pl\/#website\"},\"primaryImageOfPage\":{\"@id\":\"https:\/\/rychertow.flovmedia.pl\/imprezy-okolicznosciowe\/andrzejki\/#primaryimage\"},\"image\":{\"@id\":\"https:\/\/rychertow.flovmedia.pl\/imprezy-okolicznosciowe\/andrzejki\/#primaryimage\"},\"thumbnailUrl\":\"https:\/\/rychertow.flovmedia.pl\/wp-content\/uploads\/2024\/09\/plakat-andrzejki-2024-u-rychertow-724x1024.png\",\"datePublished\":\"2024-04-19T14:09:27+00:00\",\"dateModified\":\"2024-11-19T15:24:15+00:00\",\"breadcrumb\":{\"@id\":\"https:\/\/rychertow.flovmedia.pl\/imprezy-okolicznosciowe\/andrzejki\/#breadcrumb\"},\"inLanguage\":\"en-GB\",\"potentialAction\":[{\"@type\":\"ReadAction\",\"target\":[\"https:\/\/rychertow.flovmedia.pl\/imprezy-okolicznosciowe\/andrzejki\/\"]}]},{\"@type\":\"ImageObject\",\"inLanguage\":\"en-GB\",\"@id\":\"https:\/\/rychertow.flovmedia.pl\/imprezy-okolicznosciowe\/andrzejki\/#primaryimage\",\"url\":\"https:\/\/rychertow.flovmedia.pl\/wp-content\/uploads\/2024\/09\/plakat-andrzejki-2024-u-rychertow-724x1024.png\",\"contentUrl\":\"https:\/\/rychertow.flovmedia.pl\/wp-content\/uploads\/2024\/09\/plakat-andrzejki-2024-u-rychertow-724x1024.png\"},{\"@type\":\"BreadcrumbList\",\"@id\":\"https:\/\/rychertow.flovmedia.pl\/imprezy-okolicznosciowe\/andrzejki\/#breadcrumb\",\"itemListElement\":[{\"@type\":\"ListItem\",\"position\":1,\"name\":\"Strona g\u0142\u00f3wna\",\"item\":\"https:\/\/rychertow.flovmedia.pl\/\"},{\"@type\":\"ListItem\",\"position\":2,\"name\":\"Imprezy okoliczno\u015bciowe\",\"item\":\"https:\/\/rychertow.flovmedia.pl\/imprezy-okolicznosciowe\/\"},{\"@type\":\"ListItem\",\"position\":3,\"name\":\"Andrzejki\"}]},{\"@type\":\"WebSite\",\"@id\":\"https:\/\/rychertow.flovmedia.pl\/#website\",\"url\":\"https:\/\/rychertow.flovmedia.pl\/\",\"name\":\"Agroturystyka u Rychert\u00f3w\",\"description\":\"Wesela, pokoje, imprezy okoliczno\u015bciowe, stajnia\",\"publisher\":{\"@id\":\"https:\/\/rychertow.flovmedia.pl\/#organization\"},\"alternateName\":\"AgroRychert\",\"potentialAction\":[{\"@type\":\"SearchAction\",\"target\":{\"@type\":\"EntryPoint\",\"urlTemplate\":\"https:\/\/rychertow.flovmedia.pl\/?s={search_term_string}\"},\"query-input\":{\"@type\":\"PropertyValueSpecification\",\"valueRequired\":true,\"valueName\":\"search_term_string\"}}],\"inLanguage\":\"en-GB\"},{\"@type\":\"Organization\",\"@id\":\"https:\/\/rychertow.flovmedia.pl\/#organization\",\"name\":\"Agroturystyka u Rychert\u00f3w\",\"url\":\"https:\/\/rychertow.flovmedia.pl\/\",\"logo\":{\"@type\":\"ImageObject\",\"inLanguage\":\"en-GB\",\"@id\":\"https:\/\/rychertow.flovmedia.pl\/#\/schema\/logo\/image\/\",\"url\":\"https:\/\/rychertow.flovmedia.pl\/wp-content\/uploads\/2024\/03\/cropped-agrorychert-kaszebe-logo.png\",\"contentUrl\":\"https:\/\/rychertow.flovmedia.pl\/wp-content\/uploads\/2024\/03\/cropped-agrorychert-kaszebe-logo.png\",\"width\":512,\"height\":512,\"caption\":\"Agroturystyka u Rychert\u00f3w\"},\"image\":{\"@id\":\"https:\/\/rychertow.flovmedia.pl\/#\/schema\/logo\/image\/\"},\"sameAs\":[\"https:\/\/www.facebook.com\/profile.php?id=100063644856991\",\"https:\/\/www.instagram.com\/agroturystykaurychertow\/\",\"https:\/\/www.tiktok.com\/@agroturystykaurychertow\"]}]}<\/script>\n<!-- \/ Yoast SEO plugin. -->","yoast_head_json":{"title":"Andrzejki - Agroturystyka u Rychert\u00f3w","robots":{"index":"index","follow":"follow","max-snippet":"max-snippet:-1","max-image-preview":"max-image-preview:large","max-video-preview":"max-video-preview:-1"},"canonical":"https:\/\/rychertow.flovmedia.pl\/en\/imprezy-okolicznosciowe\/andrzejki\/","og_locale":"en_GB","og_type":"article","og_title":"Andrzejki - Agroturystyka u Rychert\u00f3w","og_description":"Andrzejki Andrzejki Opis oferty na Andrzejki Zapraszamy na Andrzejki na Kaszubach u Rychert\u00f3w w Kie\u0142pinie, kt\u00f3re odb\u0119d\u0105 si\u0119 23 i 30 listopada 2024 roku, w godzinach 20:00-4:00. Koszt uczestnictwa wynosi 200 z\u0142 za osob\u0119. Oferujemy tak\u017ce imprez\u0119 z noclegiem oraz \u015bniadaniem w pokoju 2-osobowym za 320 z\u0142 za osob\u0119, z mo\u017cliwo\u015bci\u0105 zni\u017cek przy wi\u0119kszych pokojach. [&hellip;]","og_url":"https:\/\/rychertow.flovmedia.pl\/en\/imprezy-okolicznosciowe\/andrzejki\/","og_site_name":"Agroturystyka u Rychert\u00f3w","article_publisher":"https:\/\/www.facebook.com\/profile.php?id=100063644856991","article_modified_time":"2024-11-19T15:24:15+00:00","og_image":[{"width":724,"height":1024,"url":"https:\/\/rychertow.flovmedia.pl\/wp-content\/uploads\/2024\/09\/plakat-andrzejki-2024-u-rychertow-724x1024.png","type":"image\/png"}],"twitter_card":"summary_large_image","twitter_misc":{"Estimated reading time":"1 minute"},"schema":{"@context":"https:\/\/schema.org","@graph":[{"@type":"WebPage","@id":"https:\/\/rychertow.flovmedia.pl\/imprezy-okolicznosciowe\/andrzejki\/","url":"https:\/\/rychertow.flovmedia.pl\/imprezy-okolicznosciowe\/andrzejki\/","name":"Andrzejki - Agroturystyka u Rychert\u00f3w","isPartOf":{"@id":"https:\/\/rychertow.flovmedia.pl\/#website"},"primaryImageOfPage":{"@id":"https:\/\/rychertow.flovmedia.pl\/imprezy-okolicznosciowe\/andrzejki\/#primaryimage"},"image":{"@id":"https:\/\/rychertow.flovmedia.pl\/imprezy-okolicznosciowe\/andrzejki\/#primaryimage"},"thumbnailUrl":"https:\/\/rychertow.flovmedia.pl\/wp-content\/uploads\/2024\/09\/plakat-andrzejki-2024-u-rychertow-724x1024.png","datePublished":"2024-04-19T14:09:27+00:00","dateModified":"2024-11-19T15:24:15+00:00","breadcrumb":{"@id":"https:\/\/rychertow.flovmedia.pl\/imprezy-okolicznosciowe\/andrzejki\/#breadcrumb"},"inLanguage":"en-GB","potentialAction":[{"@type":"ReadAction","target":["https:\/\/rychertow.flovmedia.pl\/imprezy-okolicznosciowe\/andrzejki\/"]}]},{"@type":"ImageObject","inLanguage":"en-GB","@id":"https:\/\/rychertow.flovmedia.pl\/imprezy-okolicznosciowe\/andrzejki\/#primaryimage","url":"https:\/\/rychertow.flovmedia.pl\/wp-content\/uploads\/2024\/09\/plakat-andrzejki-2024-u-rychertow-724x1024.png","contentUrl":"https:\/\/rychertow.flovmedia.pl\/wp-content\/uploads\/2024\/09\/plakat-andrzejki-2024-u-rychertow-724x1024.png"},{"@type":"BreadcrumbList","@id":"https:\/\/rychertow.flovmedia.pl\/imprezy-okolicznosciowe\/andrzejki\/#breadcrumb","itemListElement":[{"@type":"ListItem","position":1,"name":"Strona g\u0142\u00f3wna","item":"https:\/\/rychertow.flovmedia.pl\/"},{"@type":"ListItem","position":2,"name":"Imprezy okoliczno\u015bciowe","item":"https:\/\/rychertow.flovmedia.pl\/imprezy-okolicznosciowe\/"},{"@type":"ListItem","position":3,"name":"Andrzejki"}]},{"@type":"WebSite","@id":"https:\/\/rychertow.flovmedia.pl\/#website","url":"https:\/\/rychertow.flovmedia.pl\/","name":"Agroturystyka u Rychert\u00f3w","description":"Wesela, pokoje, imprezy okoliczno\u015bciowe, stajnia","publisher":{"@id":"https:\/\/rychertow.flovmedia.pl\/#organization"},"alternateName":"AgroRychert","potentialAction":[{"@type":"SearchAction","target":{"@type":"EntryPoint","urlTemplate":"https:\/\/rychertow.flovmedia.pl\/?s={search_term_string}"},"query-input":{"@type":"PropertyValueSpecification","valueRequired":true,"valueName":"search_term_string"}}],"inLanguage":"en-GB"},{"@type":"Organization","@id":"https:\/\/rychertow.flovmedia.pl\/#organization","name":"Agroturystyka u Rychert\u00f3w","url":"https:\/\/rychertow.flovmedia.pl\/","logo":{"@type":"ImageObject","inLanguage":"en-GB","@id":"https:\/\/rychertow.flovmedia.pl\/#\/schema\/logo\/image\/","url":"https:\/\/rychertow.flovmedia.pl\/wp-content\/uploads\/2024\/03\/cropped-agrorychert-kaszebe-logo.png","contentUrl":"https:\/\/rychertow.flovmedia.pl\/wp-content\/uploads\/2024\/03\/cropped-agrorychert-kaszebe-logo.png","width":512,"height":512,"caption":"Agroturystyka u Rychert\u00f3w"},"image":{"@id":"https:\/\/rychertow.flovmedia.pl\/#\/schema\/logo\/image\/"},"sameAs":["https:\/\/www.facebook.com\/profile.php?id=100063644856991","https:\/\/www.instagram.com\/agroturystykaurychertow\/","https:\/\/www.tiktok.com\/@agroturystykaurychertow"]}]}},"_links":{"self":[{"href":"https:\/\/rychertow.flovmedia.pl\/en\/wp-json\/wp\/v2\/pages\/601","targetHints":{"allow":["GET"]}}],"collection":[{"href":"https:\/\/rychertow.flovmedia.pl\/en\/wp-json\/wp\/v2\/pages"}],"about":[{"href":"https:\/\/rychertow.flovmedia.pl\/en\/wp-json\/wp\/v2\/types\/page"}],"author":[{"embeddable":true,"href":"https:\/\/rychertow.flovmedia.pl\/en\/wp-json\/wp\/v2\/users\/1"}],"replies":[{"embeddable":true,"href":"https:\/\/rychertow.flovmedia.pl\/en\/wp-json\/wp\/v2\/comments?post=601"}],"version-history":[{"count":13,"href":"https:\/\/rychertow.flovmedia.pl\/en\/wp-json\/wp\/v2\/pages\/601\/revisions"}],"predecessor-version":[{"id":1837,"href":"https:\/\/rychertow.flovmedia.pl\/en\/wp-json\/wp\/v2\/pages\/601\/revisions\/1837"}],"up":[{"embeddable":true,"href":"https:\/\/rychertow.flovmedia.pl\/en\/wp-json\/wp\/v2\/pages\/591"}],"wp:attachment":[{"href":"https:\/\/rychertow.flovmedia.pl\/en\/wp-json\/wp\/v2\/media?parent=601"}],"curies":[{"name":"wp","href":"https:\/\/api.w.org\/{rel}","templated":true}]}}