{"id":248,"date":"2024-03-14T17:11:41","date_gmt":"2024-03-14T16:11:41","guid":{"rendered":"https:\/\/rychertow.flovmedia.pl\/?page_id=248"},"modified":"2025-06-10T10:04:33","modified_gmt":"2025-06-10T08:04:33","slug":"projekty-unijne","status":"publish","type":"page","link":"https:\/\/rychertow.flovmedia.pl\/en\/o-nas\/projekty-unijne\/","title":{"rendered":"Projekty unijne"},"content":{"rendered":"<div data-elementor-type=\"wp-page\" data-elementor-id=\"248\" class=\"elementor elementor-248\" data-elementor-post-type=\"page\">\n\t\t\t\t\t\t<section class=\"elementor-section elementor-top-section elementor-element elementor-element-535a5842 elementor-section-boxed elementor-section-height-default elementor-section-height-default\" data-id=\"535a5842\" data-element_type=\"section\" data-settings=\"{&quot;background_background&quot;:&quot;classic&quot;}\">\n\t\t\t\t\t\t\t<div class=\"elementor-background-overlay\"><\/div>\n\t\t\t\t\t\t\t<div class=\"elementor-container elementor-column-gap-default\">\n\t\t\t\t\t<div class=\"elementor-column elementor-col-100 elementor-top-column elementor-element elementor-element-7ae728e\" data-id=\"7ae728e\" data-element_type=\"column\">\n\t\t\t<div class=\"elementor-widget-wrap elementor-element-populated\">\n\t\t\t\t\t\t<div class=\"elementor-element elementor-element-491fdfaf elementor-widget__width-auto elementor-invisible elementor-widget elementor-widget-heading\" data-id=\"491fdfaf\" data-element_type=\"widget\" data-settings=\"{&quot;_animation&quot;:&quot;fadeInLeft&quot;}\" data-widget_type=\"heading.default\">\n\t\t\t\t<div class=\"elementor-widget-container\">\n\t\t\t\t\t<h1 class=\"elementor-heading-title elementor-size-default\">Projekty unijne<\/h1>\t\t\t\t<\/div>\n\t\t\t\t<\/div>\n\t\t\t\t\t<\/div>\n\t\t<\/div>\n\t\t\t\t\t<\/div>\n\t\t<\/section>\n\t\t\t\t<section class=\"elementor-section elementor-top-section elementor-element elementor-element-32b46bae elementor-reverse-mobile elementor-section-boxed elementor-section-height-default elementor-section-height-default\" data-id=\"32b46bae\" data-element_type=\"section\" data-settings=\"{&quot;background_background&quot;:&quot;gradient&quot;}\">\n\t\t\t\t\t\t<div class=\"elementor-container elementor-column-gap-default\">\n\t\t\t\t\t<div class=\"elementor-column elementor-col-100 elementor-top-column elementor-element elementor-element-2a4a29db\" data-id=\"2a4a29db\" data-element_type=\"column\">\n\t\t\t<div class=\"elementor-widget-wrap elementor-element-populated\">\n\t\t\t\t\t\t<div class=\"elementor-element elementor-element-2341e80 elementor-widget elementor-widget-image\" data-id=\"2341e80\" data-element_type=\"widget\" data-widget_type=\"image.default\">\n\t\t\t\t<div class=\"elementor-widget-container\">\n\t\t\t\t\t\t\t\t\t\t\t\t\t\t\t<img fetchpriority=\"high\" decoding=\"async\" width=\"800\" height=\"267\" src=\"https:\/\/rychertow.flovmedia.pl\/wp-content\/uploads\/2024\/03\/projekty-unijne.png\" class=\"attachment-large size-large wp-image-251\" alt=\"Projekty we wsp\u00f3\u0142pracy z Uni\u0105 Europejsk\u0105\" srcset=\"https:\/\/rychertow.flovmedia.pl\/wp-content\/uploads\/2024\/03\/projekty-unijne.png 884w, https:\/\/rychertow.flovmedia.pl\/wp-content\/uploads\/2024\/03\/projekty-unijne-300x100.png 300w, https:\/\/rychertow.flovmedia.pl\/wp-content\/uploads\/2024\/03\/projekty-unijne-768x256.png 768w\" sizes=\"(max-width: 800px) 100vw, 800px\" \/>\t\t\t\t\t\t\t\t\t\t\t\t\t\t\t<\/div>\n\t\t\t\t<\/div>\n\t\t\t\t<div class=\"elementor-element elementor-element-123751a7 elementor-widget elementor-widget-heading\" data-id=\"123751a7\" data-element_type=\"widget\" data-widget_type=\"heading.default\">\n\t\t\t\t<div class=\"elementor-widget-container\">\n\t\t\t\t\t<h2 class=\"elementor-heading-title elementor-size-default\">Konkurs IMP.02.2022<br>\nOdbudowa potencja\u0142u pomorskich przedsi\u0119biorstw z bran\u017cy czasu wolnego.<\/h2>\t\t\t\t<\/div>\n\t\t\t\t<\/div>\n\t\t\t\t<div class=\"elementor-element elementor-element-25306f41 elementor-drop-cap-yes elementor-drop-cap-view-default elementor-widget elementor-widget-text-editor\" data-id=\"25306f41\" data-element_type=\"widget\" data-settings=\"{&quot;drop_cap&quot;:&quot;yes&quot;}\" data-widget_type=\"text-editor.default\">\n\t\t\t\t<div class=\"elementor-widget-container\">\n\t\t\t\t\t\t\t\t\t<p><strong>TYTU\u0141 PROJEKTU:<\/strong> Zakup nowych sprz\u0119t\u00f3w rekreacyjno-turystycznych, wyposa\u017cenia sali bankietowej i kuchni, oraz paneli fotowoltaicznych z monta\u017cem.<\/p><p>Celem projektu jest wdro\u017cenie rozwi\u0105zania proekologicznego poprzez zakup paneli fotowoltaicznych z monta\u017cem jak r\u00f3wnie\u017c zastosowanie nowych rozwi\u0105za\u0144 organizacyjno-procesowych jak i wprowadzenie nowych produkt\u00f3w ukierunkowanych na potrzeby nowych klient\u00f3w i uatrakcyjnienia oferty dla dotychczasowych klient\u00f3w dzi\u0119ki Zakupom nowych sprz\u0119t\u00f3w rekreacyjno-turystycznych, wyposa\u017cenia sali bankietowej i kuchni.<\/p><p><strong>Warto\u015b\u0107 projektu:<\/strong> 198 414,43z\u0142<br \/><strong>Wk\u0142ad Funduszy Europejskich:<\/strong> 128 393,98z\u0142<\/p><p><em>Sfinansowano w ramach reakcji Unii na pandemi\u0119 COVID-19.<\/em><\/p>\t\t\t\t\t\t\t\t<\/div>\n\t\t\t\t<\/div>\n\t\t\t\t<div class=\"elementor-element elementor-element-1f92d34 elementor-widget elementor-widget-heading\" data-id=\"1f92d34\" data-element_type=\"widget\" data-widget_type=\"heading.default\">\n\t\t\t\t<div class=\"elementor-widget-container\">\n\t\t\t\t\t<h2 class=\"elementor-heading-title elementor-size-default\">Remont - modernizacja pokoi nad sal\u0105 bankietow\u0105<\/h2>\t\t\t\t<\/div>\n\t\t\t\t<\/div>\n\t\t\t\t<div class=\"elementor-element elementor-element-246be1a elementor-widget elementor-widget-text-editor\" data-id=\"246be1a\" data-element_type=\"widget\" data-widget_type=\"text-editor.default\">\n\t\t\t\t<div class=\"elementor-widget-container\">\n\t\t\t\t\t\t\t\t\t<p>W ramach naboru RPPM.02.02.01-IP.02-22-003\/20 dla Poddzia\u0142ania 2.2.1. Inwestycje profilowane \u2013 wsparcie dotacyjne w ramach Osi Priorytetowej 2 Przedsi\u0119biorstwa Regionalnego Programu Operacyjnego Wojew\u00f3dztwa Pomorskiego na lata 2014-2020,<\/p><p><strong>Dofinansowanie na kwot\u0119:<\/strong> 249 847,53 z\u0142otych<\/p><p><em>Celem dofinansowania jest podwy\u017cszenie standardu oferowanych przez nas us\u0142ug.<\/em><\/p>\t\t\t\t\t\t\t\t<\/div>\n\t\t\t\t<\/div>\n\t\t\t\t\t<\/div>\n\t\t<\/div>\n\t\t\t\t\t<\/div>\n\t\t<\/section>\n\t\t\t\t<\/div>","protected":false},"excerpt":{"rendered":"<p>Projekty unijne Konkurs IMP.02.2022 Odbudowa potencja\u0142u pomorskich przedsi\u0119biorstw z bran\u017cy czasu wolnego. TYTU\u0141 PROJEKTU: Zakup nowych sprz\u0119t\u00f3w rekreacyjno-turystycznych, wyposa\u017cenia sali bankietowej i kuchni, oraz paneli fotowoltaicznych z monta\u017cem. Celem projektu jest wdro\u017cenie rozwi\u0105zania proekologicznego poprzez zakup paneli fotowoltaicznych z monta\u017cem jak r\u00f3wnie\u017c zastosowanie nowych rozwi\u0105za\u0144 organizacyjno-procesowych jak i wprowadzenie nowych produkt\u00f3w ukierunkowanych na potrzeby nowych [&hellip;]<\/p>","protected":false},"author":1,"featured_media":188,"parent":222,"menu_order":0,"comment_status":"closed","ping_status":"closed","template":"elementor_header_footer","meta":{"footnotes":""},"class_list":["post-248","page","type-page","status-publish","has-post-thumbnail","hentry"],"yoast_head":"<!-- This site is optimized with the Yoast SEO plugin v25.4 - https:\/\/yoast.com\/wordpress\/plugins\/seo\/ -->\n<title>Projekty unijne - Agroturystyka u Rychert\u00f3w<\/title>\n<meta name=\"description\" content=\"Poznaj projekty unijne \u2013 innowacyjne inicjatywy dofinansowane z funduszy UE. Zdob\u0105d\u017a \u015brodki na rozw\u00f3j firmy, szkolenia, badania i inwestycje.\" \/>\n<meta name=\"robots\" content=\"index, follow, max-snippet:-1, max-image-preview:large, max-video-preview:-1\" \/>\n<link rel=\"canonical\" href=\"https:\/\/rychertow.flovmedia.pl\/en\/o-nas\/projekty-unijne\/\" \/>\n<meta property=\"og:locale\" content=\"en_GB\" \/>\n<meta property=\"og:type\" content=\"article\" \/>\n<meta property=\"og:title\" content=\"Projekty unijne - Agroturystyka u Rychert\u00f3w\" \/>\n<meta property=\"og:description\" content=\"Poznaj projekty unijne \u2013 innowacyjne inicjatywy dofinansowane z funduszy UE. Zdob\u0105d\u017a \u015brodki na rozw\u00f3j firmy, szkolenia, badania i inwestycje.\" \/>\n<meta property=\"og:url\" content=\"https:\/\/rychertow.flovmedia.pl\/en\/o-nas\/projekty-unijne\/\" \/>\n<meta property=\"og:site_name\" content=\"Agroturystyka u Rychert\u00f3w\" \/>\n<meta property=\"article:publisher\" content=\"https:\/\/www.facebook.com\/profile.php?id=100063644856991\" \/>\n<meta property=\"article:modified_time\" content=\"2025-06-10T08:04:33+00:00\" \/>\n<meta property=\"og:image\" content=\"https:\/\/rychertow.flovmedia.pl\/wp-content\/uploads\/2024\/03\/agroturystyka-u-rychertow-1.jpg\" \/>\n\t<meta property=\"og:image:width\" content=\"2048\" \/>\n\t<meta property=\"og:image:height\" content=\"1364\" \/>\n\t<meta property=\"og:image:type\" content=\"image\/jpeg\" \/>\n<meta name=\"twitter:card\" content=\"summary_large_image\" \/>\n<meta name=\"twitter:title\" content=\"Projekty unijne - Agroturystyka u Rychert\u00f3w\" \/>\n<meta name=\"twitter:description\" content=\"Poznaj projekty unijne \u2013 innowacyjne inicjatywy dofinansowane z funduszy UE. Zdob\u0105d\u017a \u015brodki na rozw\u00f3j firmy, szkolenia, badania i inwestycje.\" \/>\n<meta name=\"twitter:image\" content=\"https:\/\/rychertow.flovmedia.pl\/wp-content\/uploads\/2024\/03\/agroturystyka-u-rychertow-1.jpg\" \/>\n<meta name=\"twitter:label1\" content=\"Estimated reading time\" \/>\n\t<meta name=\"twitter:data1\" content=\"2 minutes\" \/>\n<script type=\"application\/ld+json\" class=\"yoast-schema-graph\">{\"@context\":\"https:\/\/schema.org\",\"@graph\":[{\"@type\":\"WebPage\",\"@id\":\"https:\/\/rychertow.flovmedia.pl\/o-nas\/projekty-unijne\/\",\"url\":\"https:\/\/rychertow.flovmedia.pl\/o-nas\/projekty-unijne\/\",\"name\":\"Projekty unijne - Agroturystyka u Rychert\u00f3w\",\"isPartOf\":{\"@id\":\"https:\/\/rychertow.flovmedia.pl\/#website\"},\"primaryImageOfPage\":{\"@id\":\"https:\/\/rychertow.flovmedia.pl\/o-nas\/projekty-unijne\/#primaryimage\"},\"image\":{\"@id\":\"https:\/\/rychertow.flovmedia.pl\/o-nas\/projekty-unijne\/#primaryimage\"},\"thumbnailUrl\":\"https:\/\/rychertow.flovmedia.pl\/wp-content\/uploads\/2024\/03\/agroturystyka-u-rychertow-1.jpg\",\"datePublished\":\"2024-03-14T16:11:41+00:00\",\"dateModified\":\"2025-06-10T08:04:33+00:00\",\"description\":\"Poznaj projekty unijne \u2013 innowacyjne inicjatywy dofinansowane z funduszy UE. Zdob\u0105d\u017a \u015brodki na rozw\u00f3j firmy, szkolenia, badania i inwestycje.\",\"breadcrumb\":{\"@id\":\"https:\/\/rychertow.flovmedia.pl\/o-nas\/projekty-unijne\/#breadcrumb\"},\"inLanguage\":\"en-GB\",\"potentialAction\":[{\"@type\":\"ReadAction\",\"target\":[\"https:\/\/rychertow.flovmedia.pl\/o-nas\/projekty-unijne\/\"]}]},{\"@type\":\"ImageObject\",\"inLanguage\":\"en-GB\",\"@id\":\"https:\/\/rychertow.flovmedia.pl\/o-nas\/projekty-unijne\/#primaryimage\",\"url\":\"https:\/\/rychertow.flovmedia.pl\/wp-content\/uploads\/2024\/03\/agroturystyka-u-rychertow-1.jpg\",\"contentUrl\":\"https:\/\/rychertow.flovmedia.pl\/wp-content\/uploads\/2024\/03\/agroturystyka-u-rychertow-1.jpg\",\"width\":2048,\"height\":1364},{\"@type\":\"BreadcrumbList\",\"@id\":\"https:\/\/rychertow.flovmedia.pl\/o-nas\/projekty-unijne\/#breadcrumb\",\"itemListElement\":[{\"@type\":\"ListItem\",\"position\":1,\"name\":\"Strona g\u0142\u00f3wna\",\"item\":\"https:\/\/rychertow.flovmedia.pl\/\"},{\"@type\":\"ListItem\",\"position\":2,\"name\":\"O nas\",\"item\":\"https:\/\/rychertow.flovmedia.pl\/o-nas\/\"},{\"@type\":\"ListItem\",\"position\":3,\"name\":\"Projekty unijne\"}]},{\"@type\":\"WebSite\",\"@id\":\"https:\/\/rychertow.flovmedia.pl\/#website\",\"url\":\"https:\/\/rychertow.flovmedia.pl\/\",\"name\":\"Agroturystyka u Rychert\u00f3w\",\"description\":\"Wesela, pokoje, imprezy okoliczno\u015bciowe, stajnia\",\"publisher\":{\"@id\":\"https:\/\/rychertow.flovmedia.pl\/#organization\"},\"alternateName\":\"AgroRychert\",\"potentialAction\":[{\"@type\":\"SearchAction\",\"target\":{\"@type\":\"EntryPoint\",\"urlTemplate\":\"https:\/\/rychertow.flovmedia.pl\/?s={search_term_string}\"},\"query-input\":{\"@type\":\"PropertyValueSpecification\",\"valueRequired\":true,\"valueName\":\"search_term_string\"}}],\"inLanguage\":\"en-GB\"},{\"@type\":\"Organization\",\"@id\":\"https:\/\/rychertow.flovmedia.pl\/#organization\",\"name\":\"Agroturystyka u Rychert\u00f3w\",\"url\":\"https:\/\/rychertow.flovmedia.pl\/\",\"logo\":{\"@type\":\"ImageObject\",\"inLanguage\":\"en-GB\",\"@id\":\"https:\/\/rychertow.flovmedia.pl\/#\/schema\/logo\/image\/\",\"url\":\"https:\/\/rychertow.flovmedia.pl\/wp-content\/uploads\/2024\/03\/cropped-agrorychert-kaszebe-logo.png\",\"contentUrl\":\"https:\/\/rychertow.flovmedia.pl\/wp-content\/uploads\/2024\/03\/cropped-agrorychert-kaszebe-logo.png\",\"width\":512,\"height\":512,\"caption\":\"Agroturystyka u Rychert\u00f3w\"},\"image\":{\"@id\":\"https:\/\/rychertow.flovmedia.pl\/#\/schema\/logo\/image\/\"},\"sameAs\":[\"https:\/\/www.facebook.com\/profile.php?id=100063644856991\",\"https:\/\/www.instagram.com\/agroturystykaurychertow\/\",\"https:\/\/www.tiktok.com\/@agroturystykaurychertow\"]}]}<\/script>\n<!-- \/ Yoast SEO plugin. -->","yoast_head_json":{"title":"Projekty unijne - Agroturystyka u Rychert\u00f3w","description":"Poznaj projekty unijne \u2013 innowacyjne inicjatywy dofinansowane z funduszy UE. Zdob\u0105d\u017a \u015brodki na rozw\u00f3j firmy, szkolenia, badania i inwestycje.","robots":{"index":"index","follow":"follow","max-snippet":"max-snippet:-1","max-image-preview":"max-image-preview:large","max-video-preview":"max-video-preview:-1"},"canonical":"https:\/\/rychertow.flovmedia.pl\/en\/o-nas\/projekty-unijne\/","og_locale":"en_GB","og_type":"article","og_title":"Projekty unijne - Agroturystyka u Rychert\u00f3w","og_description":"Poznaj projekty unijne \u2013 innowacyjne inicjatywy dofinansowane z funduszy UE. Zdob\u0105d\u017a \u015brodki na rozw\u00f3j firmy, szkolenia, badania i inwestycje.","og_url":"https:\/\/rychertow.flovmedia.pl\/en\/o-nas\/projekty-unijne\/","og_site_name":"Agroturystyka u Rychert\u00f3w","article_publisher":"https:\/\/www.facebook.com\/profile.php?id=100063644856991","article_modified_time":"2025-06-10T08:04:33+00:00","og_image":[{"width":2048,"height":1364,"url":"https:\/\/rychertow.flovmedia.pl\/wp-content\/uploads\/2024\/03\/agroturystyka-u-rychertow-1.jpg","type":"image\/jpeg"}],"twitter_card":"summary_large_image","twitter_title":"Projekty unijne - Agroturystyka u Rychert\u00f3w","twitter_description":"Poznaj projekty unijne \u2013 innowacyjne inicjatywy dofinansowane z funduszy UE. Zdob\u0105d\u017a \u015brodki na rozw\u00f3j firmy, szkolenia, badania i inwestycje.","twitter_image":"https:\/\/rychertow.flovmedia.pl\/wp-content\/uploads\/2024\/03\/agroturystyka-u-rychertow-1.jpg","twitter_misc":{"Estimated reading time":"2 minutes"},"schema":{"@context":"https:\/\/schema.org","@graph":[{"@type":"WebPage","@id":"https:\/\/rychertow.flovmedia.pl\/o-nas\/projekty-unijne\/","url":"https:\/\/rychertow.flovmedia.pl\/o-nas\/projekty-unijne\/","name":"Projekty unijne - Agroturystyka u Rychert\u00f3w","isPartOf":{"@id":"https:\/\/rychertow.flovmedia.pl\/#website"},"primaryImageOfPage":{"@id":"https:\/\/rychertow.flovmedia.pl\/o-nas\/projekty-unijne\/#primaryimage"},"image":{"@id":"https:\/\/rychertow.flovmedia.pl\/o-nas\/projekty-unijne\/#primaryimage"},"thumbnailUrl":"https:\/\/rychertow.flovmedia.pl\/wp-content\/uploads\/2024\/03\/agroturystyka-u-rychertow-1.jpg","datePublished":"2024-03-14T16:11:41+00:00","dateModified":"2025-06-10T08:04:33+00:00","description":"Poznaj projekty unijne \u2013 innowacyjne inicjatywy dofinansowane z funduszy UE. Zdob\u0105d\u017a \u015brodki na rozw\u00f3j firmy, szkolenia, badania i inwestycje.","breadcrumb":{"@id":"https:\/\/rychertow.flovmedia.pl\/o-nas\/projekty-unijne\/#breadcrumb"},"inLanguage":"en-GB","potentialAction":[{"@type":"ReadAction","target":["https:\/\/rychertow.flovmedia.pl\/o-nas\/projekty-unijne\/"]}]},{"@type":"ImageObject","inLanguage":"en-GB","@id":"https:\/\/rychertow.flovmedia.pl\/o-nas\/projekty-unijne\/#primaryimage","url":"https:\/\/rychertow.flovmedia.pl\/wp-content\/uploads\/2024\/03\/agroturystyka-u-rychertow-1.jpg","contentUrl":"https:\/\/rychertow.flovmedia.pl\/wp-content\/uploads\/2024\/03\/agroturystyka-u-rychertow-1.jpg","width":2048,"height":1364},{"@type":"BreadcrumbList","@id":"https:\/\/rychertow.flovmedia.pl\/o-nas\/projekty-unijne\/#breadcrumb","itemListElement":[{"@type":"ListItem","position":1,"name":"Strona g\u0142\u00f3wna","item":"https:\/\/rychertow.flovmedia.pl\/"},{"@type":"ListItem","position":2,"name":"O nas","item":"https:\/\/rychertow.flovmedia.pl\/o-nas\/"},{"@type":"ListItem","position":3,"name":"Projekty unijne"}]},{"@type":"WebSite","@id":"https:\/\/rychertow.flovmedia.pl\/#website","url":"https:\/\/rychertow.flovmedia.pl\/","name":"Agroturystyka u Rychert\u00f3w","description":"Wesela, pokoje, imprezy okoliczno\u015bciowe, stajnia","publisher":{"@id":"https:\/\/rychertow.flovmedia.pl\/#organization"},"alternateName":"AgroRychert","potentialAction":[{"@type":"SearchAction","target":{"@type":"EntryPoint","urlTemplate":"https:\/\/rychertow.flovmedia.pl\/?s={search_term_string}"},"query-input":{"@type":"PropertyValueSpecification","valueRequired":true,"valueName":"search_term_string"}}],"inLanguage":"en-GB"},{"@type":"Organization","@id":"https:\/\/rychertow.flovmedia.pl\/#organization","name":"Agroturystyka u Rychert\u00f3w","url":"https:\/\/rychertow.flovmedia.pl\/","logo":{"@type":"ImageObject","inLanguage":"en-GB","@id":"https:\/\/rychertow.flovmedia.pl\/#\/schema\/logo\/image\/","url":"https:\/\/rychertow.flovmedia.pl\/wp-content\/uploads\/2024\/03\/cropped-agrorychert-kaszebe-logo.png","contentUrl":"https:\/\/rychertow.flovmedia.pl\/wp-content\/uploads\/2024\/03\/cropped-agrorychert-kaszebe-logo.png","width":512,"height":512,"caption":"Agroturystyka u Rychert\u00f3w"},"image":{"@id":"https:\/\/rychertow.flovmedia.pl\/#\/schema\/logo\/image\/"},"sameAs":["https:\/\/www.facebook.com\/profile.php?id=100063644856991","https:\/\/www.instagram.com\/agroturystykaurychertow\/","https:\/\/www.tiktok.com\/@agroturystykaurychertow"]}]}},"_links":{"self":[{"href":"https:\/\/rychertow.flovmedia.pl\/en\/wp-json\/wp\/v2\/pages\/248","targetHints":{"allow":["GET"]}}],"collection":[{"href":"https:\/\/rychertow.flovmedia.pl\/en\/wp-json\/wp\/v2\/pages"}],"about":[{"href":"https:\/\/rychertow.flovmedia.pl\/en\/wp-json\/wp\/v2\/types\/page"}],"author":[{"embeddable":true,"href":"https:\/\/rychertow.flovmedia.pl\/en\/wp-json\/wp\/v2\/users\/1"}],"replies":[{"embeddable":true,"href":"https:\/\/rychertow.flovmedia.pl\/en\/wp-json\/wp\/v2\/comments?post=248"}],"version-history":[{"count":10,"href":"https:\/\/rychertow.flovmedia.pl\/en\/wp-json\/wp\/v2\/pages\/248\/revisions"}],"predecessor-version":[{"id":3098,"href":"https:\/\/rychertow.flovmedia.pl\/en\/wp-json\/wp\/v2\/pages\/248\/revisions\/3098"}],"up":[{"embeddable":true,"href":"https:\/\/rychertow.flovmedia.pl\/en\/wp-json\/wp\/v2\/pages\/222"}],"wp:featuredmedia":[{"embeddable":true,"href":"https:\/\/rychertow.flovmedia.pl\/en\/wp-json\/wp\/v2\/media\/188"}],"wp:attachment":[{"href":"https:\/\/rychertow.flovmedia.pl\/en\/wp-json\/wp\/v2\/media?parent=248"}],"curies":[{"name":"wp","href":"https:\/\/api.w.org\/{rel}","templated":true}]}}