{"id":222,"date":"2024-03-14T16:10:38","date_gmt":"2024-03-14T15:10:38","guid":{"rendered":"https:\/\/rychertow.flovmedia.pl\/?page_id=222"},"modified":"2025-06-02T17:11:28","modified_gmt":"2025-06-02T15:11:28","slug":"o-nas","status":"publish","type":"page","link":"https:\/\/rychertow.flovmedia.pl\/en\/o-nas\/","title":{"rendered":"O nas"},"content":{"rendered":"<div data-elementor-type=\"wp-page\" data-elementor-id=\"222\" class=\"elementor elementor-222\" data-elementor-post-type=\"page\">\n\t\t\t\t\t\t<section class=\"elementor-section elementor-top-section elementor-element elementor-element-535a5842 elementor-section-boxed elementor-section-height-default elementor-section-height-default\" data-id=\"535a5842\" data-element_type=\"section\" data-settings=\"{&quot;background_background&quot;:&quot;classic&quot;}\">\n\t\t\t\t\t\t\t<div class=\"elementor-background-overlay\"><\/div>\n\t\t\t\t\t\t\t<div class=\"elementor-container elementor-column-gap-default\">\n\t\t\t\t\t<div class=\"elementor-column elementor-col-100 elementor-top-column elementor-element elementor-element-7ae728e\" data-id=\"7ae728e\" data-element_type=\"column\">\n\t\t\t<div class=\"elementor-widget-wrap elementor-element-populated\">\n\t\t\t\t\t\t<div class=\"elementor-element elementor-element-491fdfaf elementor-widget__width-auto elementor-invisible elementor-widget elementor-widget-heading\" data-id=\"491fdfaf\" data-element_type=\"widget\" data-settings=\"{&quot;_animation&quot;:&quot;fadeInLeft&quot;}\" data-widget_type=\"heading.default\">\n\t\t\t\t<div class=\"elementor-widget-container\">\n\t\t\t\t\t<h1 class=\"elementor-heading-title elementor-size-default\">O nas<\/h1>\t\t\t\t<\/div>\n\t\t\t\t<\/div>\n\t\t\t\t\t<\/div>\n\t\t<\/div>\n\t\t\t\t\t<\/div>\n\t\t<\/section>\n\t\t\t\t<section class=\"elementor-section elementor-top-section elementor-element elementor-element-32b46bae elementor-reverse-mobile elementor-section-boxed elementor-section-height-default elementor-section-height-default\" data-id=\"32b46bae\" data-element_type=\"section\" data-settings=\"{&quot;background_background&quot;:&quot;gradient&quot;}\">\n\t\t\t\t\t\t<div class=\"elementor-container elementor-column-gap-default\">\n\t\t\t\t\t<div class=\"elementor-column elementor-col-50 elementor-top-column elementor-element elementor-element-4b043ae0\" data-id=\"4b043ae0\" data-element_type=\"column\">\n\t\t\t<div class=\"elementor-widget-wrap elementor-element-populated\">\n\t\t\t\t\t\t<div class=\"elementor-element elementor-element-5718366 elementor-widget__width-initial elementor-absolute elementor-invisible elementor-widget elementor-widget-image\" data-id=\"5718366\" data-element_type=\"widget\" data-settings=\"{&quot;_position&quot;:&quot;absolute&quot;,&quot;_animation&quot;:&quot;slideInUp&quot;}\" data-widget_type=\"image.default\">\n\t\t\t\t<div class=\"elementor-widget-container\">\n\t\t\t\t\t\t\t\t\t\t\t\t\t\t\t<img fetchpriority=\"high\" decoding=\"async\" width=\"768\" height=\"512\" src=\"https:\/\/rychertow.flovmedia.pl\/wp-content\/uploads\/2025\/05\/agroturystyka-u-rychertow-strona-glowna-1-768x512.jpg\" class=\"attachment-medium_large size-medium_large wp-image-2943\" alt=\"Agroturystyka u Rychert\u00f3w - wypoczynek, imprezy okoliczno\u015bciowe, stajnia\" srcset=\"https:\/\/rychertow.flovmedia.pl\/wp-content\/uploads\/2025\/05\/agroturystyka-u-rychertow-strona-glowna-1-768x512.jpg 768w, https:\/\/rychertow.flovmedia.pl\/wp-content\/uploads\/2025\/05\/agroturystyka-u-rychertow-strona-glowna-1-300x200.jpg 300w, https:\/\/rychertow.flovmedia.pl\/wp-content\/uploads\/2025\/05\/agroturystyka-u-rychertow-strona-glowna-1.jpg 1024w\" sizes=\"(max-width: 768px) 100vw, 768px\" \/>\t\t\t\t\t\t\t\t\t\t\t\t\t\t\t<\/div>\n\t\t\t\t<\/div>\n\t\t\t\t<div class=\"elementor-element elementor-element-71f13ccf elementor-widget elementor-widget-image\" data-id=\"71f13ccf\" data-element_type=\"widget\" data-widget_type=\"image.default\">\n\t\t\t\t<div class=\"elementor-widget-container\">\n\t\t\t\t\t\t\t\t\t\t\t\t\t\t\t<img decoding=\"async\" width=\"902\" height=\"509\" src=\"https:\/\/rychertow.flovmedia.pl\/wp-content\/uploads\/2024\/03\/agroturystyka-u-rychertow.jpg\" class=\"attachment-full size-full wp-image-189\" alt=\"Agroturystyka u Rychert\u00f3w - wypoczynek, imprezy okoliczno\u015bciowe, stajnia\" srcset=\"https:\/\/rychertow.flovmedia.pl\/wp-content\/uploads\/2024\/03\/agroturystyka-u-rychertow.jpg 902w, https:\/\/rychertow.flovmedia.pl\/wp-content\/uploads\/2024\/03\/agroturystyka-u-rychertow-300x169.jpg 300w, https:\/\/rychertow.flovmedia.pl\/wp-content\/uploads\/2024\/03\/agroturystyka-u-rychertow-768x433.jpg 768w\" sizes=\"(max-width: 902px) 100vw, 902px\" \/>\t\t\t\t\t\t\t\t\t\t\t\t\t\t\t<\/div>\n\t\t\t\t<\/div>\n\t\t\t\t\t<\/div>\n\t\t<\/div>\n\t\t\t\t<div class=\"elementor-column elementor-col-50 elementor-top-column elementor-element elementor-element-2a4a29db\" data-id=\"2a4a29db\" data-element_type=\"column\">\n\t\t\t<div class=\"elementor-widget-wrap elementor-element-populated\">\n\t\t\t\t\t\t<div class=\"elementor-element elementor-element-1f3d7261 elementor-widget elementor-widget-heading\" data-id=\"1f3d7261\" data-element_type=\"widget\" data-widget_type=\"heading.default\">\n\t\t\t\t<div class=\"elementor-widget-container\">\n\t\t\t\t\t<div class=\"elementor-heading-title elementor-size-default\">Kilka s\u0142\u00f3w o nas<\/div>\t\t\t\t<\/div>\n\t\t\t\t<\/div>\n\t\t\t\t<div class=\"elementor-element elementor-element-123751a7 elementor-widget elementor-widget-heading\" data-id=\"123751a7\" data-element_type=\"widget\" data-widget_type=\"heading.default\">\n\t\t\t\t<div class=\"elementor-widget-container\">\n\t\t\t\t\t<h2 class=\"elementor-heading-title elementor-size-default\">Wypoczynek w agroturystyce \"u Rychert\u00f3w\"<\/h2>\t\t\t\t<\/div>\n\t\t\t\t<\/div>\n\t\t\t\t<div class=\"elementor-element elementor-element-25306f41 elementor-drop-cap-yes elementor-drop-cap-view-default elementor-widget elementor-widget-text-editor\" data-id=\"25306f41\" data-element_type=\"widget\" data-settings=\"{&quot;drop_cap&quot;:&quot;yes&quot;}\" data-widget_type=\"text-editor.default\">\n\t\t\t\t<div class=\"elementor-widget-container\">\n\t\t\t\t\t\t\t\t\t<p><a title=\"Powr\u00f3t do strony g\u0142\u00f3wnej\" href=\"https:\/\/rychertow.flovmedia.pl\/en\/\"><strong>Agroturystyka u Rychert\u00f3w<\/strong><\/a> to znakomite miejsce, kt\u00f3re zapewni niezapomniane chwile relaksu, rado\u015bci i wyj\u0105tkowych uroczysto\u015bci. Nasz o\u015brodek stworzony zosta\u0142 z my\u015bl\u0105 o zapewnieniu go\u015bciom doskona\u0142ej atmosfery. Zar\u00f3wno podczas rodzinnych wakacji, romantycznego wypadu, jak i organizacji wyj\u0105tkowych wydarze\u0144, takich jak wesela czy jubileusze.<\/p><p>Posiadamy a\u017c cztery przestronne sale okoliczno\u015bciowe, kt\u00f3re s\u0105 idealnym miejscem do organizacji wszelkiego rodzaju imprez. Bez wzgl\u0119du na to, czy planujesz kameralne spotkanie w gronie najbli\u017cszych, czy te\u017c wi\u0119ksz\u0105 imprez\u0119. Nasze sale s\u0105 elastyczne i dostosowane do r\u00f3\u017cnorodnych potrzeb.<\/p>\t\t\t\t\t\t\t\t<\/div>\n\t\t\t\t<\/div>\n\t\t\t\t\t<\/div>\n\t\t<\/div>\n\t\t\t\t\t<\/div>\n\t\t<\/section>\n\t\t\t\t<section class=\"elementor-section elementor-top-section elementor-element elementor-element-f0733bb elementor-reverse-mobile elementor-section-boxed elementor-section-height-default elementor-section-height-default\" data-id=\"f0733bb\" data-element_type=\"section\" data-settings=\"{&quot;background_background&quot;:&quot;gradient&quot;}\">\n\t\t\t\t\t\t<div class=\"elementor-container elementor-column-gap-default\">\n\t\t\t\t\t<div class=\"elementor-column elementor-col-100 elementor-top-column elementor-element elementor-element-b39bf6e\" data-id=\"b39bf6e\" data-element_type=\"column\">\n\t\t\t<div class=\"elementor-widget-wrap elementor-element-populated\">\n\t\t\t\t\t\t<div class=\"elementor-element elementor-element-3721a7c elementor-widget elementor-widget-heading\" data-id=\"3721a7c\" data-element_type=\"widget\" data-widget_type=\"heading.default\">\n\t\t\t\t<div class=\"elementor-widget-container\">\n\t\t\t\t\t<h3 class=\"elementor-heading-title elementor-size-default\">Miejsce, kt\u00f3re pokochasz od pierwszego dnia<\/h3>\t\t\t\t<\/div>\n\t\t\t\t<\/div>\n\t\t\t\t<div class=\"elementor-element elementor-element-bfdd7e3 elementor-widget elementor-widget-text-editor\" data-id=\"bfdd7e3\" data-element_type=\"widget\" data-widget_type=\"text-editor.default\">\n\t\t\t\t<div class=\"elementor-widget-container\">\n\t\t\t\t\t\t\t\t\t<p>Dodatkowo, dla wygody naszych go\u015bci, dysponujemy pokoju noclegowymi, kt\u00f3re pomieszcz\u0105 nawet do 100 os\u00f3b. Nasze przytulne pokoje zapewniaj\u0105 komfortowy wypoczynek po dniu pe\u0142nym wra\u017ce\u0144, gwarantuj\u0105c spokojny sen i regeneracj\u0119 si\u0142 na kolejny dzie\u0144.<\/p><p>Niezaprzeczalnym atutem naszej agroturystyki s\u0105 r\u00f3wnie\u017c w\u0142asne stajnie, kt\u00f3re s\u0105 nie tylko atrakcj\u0105 dla mi\u0142o\u015bnik\u00f3w koni, ale tak\u017ce stanowi\u0105 dodatkowy element urozmaicenia pobytu. Mo\u017cliwo\u015b\u0107 wzi\u0119cia udzia\u0142u w przeja\u017cd\u017ckach konnych czy nauki jazdy to doskona\u0142y spos\u00f3b na sp\u0119dzenie aktywnego czasu na \u015bwie\u017cym powietrzu.<\/p><p>Zapraszamy do Agroturystyki u Rychert\u00f3w, gdzie marzenia o udanym wypoczynku i niezapomnianych chwilach staj\u0105 si\u0119 rzeczywisto\u015bci\u0105.<\/p>\t\t\t\t\t\t\t\t<\/div>\n\t\t\t\t<\/div>\n\t\t\t\t\t<\/div>\n\t\t<\/div>\n\t\t\t\t\t<\/div>\n\t\t<\/section>\n\t\t\t\t<section class=\"elementor-section elementor-top-section elementor-element elementor-element-5b9120e elementor-reverse-mobile elementor-section-boxed elementor-section-height-default elementor-section-height-default\" data-id=\"5b9120e\" data-element_type=\"section\" data-settings=\"{&quot;background_background&quot;:&quot;gradient&quot;}\">\n\t\t\t\t\t\t<div class=\"elementor-container elementor-column-gap-default\">\n\t\t\t\t\t<div class=\"elementor-column elementor-col-100 elementor-top-column elementor-element elementor-element-c0aeb52\" data-id=\"c0aeb52\" data-element_type=\"column\">\n\t\t\t<div class=\"elementor-widget-wrap\">\n\t\t\t\t\t\t\t<\/div>\n\t\t<\/div>\n\t\t\t\t\t<\/div>\n\t\t<\/section>\n\t\t\t\t<\/div>","protected":false},"excerpt":{"rendered":"<p>O nas Kilka s\u0142\u00f3w o nas Wypoczynek w agroturystyce &#8222;u Rychert\u00f3w&#8221; Agroturystyka u Rychert\u00f3w to znakomite miejsce, kt\u00f3re zapewni niezapomniane chwile relaksu, rado\u015bci i wyj\u0105tkowych uroczysto\u015bci. Nasz o\u015brodek stworzony zosta\u0142 z my\u015bl\u0105 o zapewnieniu go\u015bciom doskona\u0142ej atmosfery. Zar\u00f3wno podczas rodzinnych wakacji, romantycznego wypadu, jak i organizacji wyj\u0105tkowych wydarze\u0144, takich jak wesela czy jubileusze. Posiadamy a\u017c [&hellip;]<\/p>","protected":false},"author":1,"featured_media":255,"parent":0,"menu_order":0,"comment_status":"closed","ping_status":"closed","template":"elementor_header_footer","meta":{"footnotes":""},"class_list":["post-222","page","type-page","status-publish","has-post-thumbnail","hentry"],"yoast_head":"<!-- This site is optimized with the Yoast SEO plugin v25.4 - https:\/\/yoast.com\/wordpress\/plugins\/seo\/ -->\n<title>Kilka s\u0142\u00f3w o nas - Agroturystyka u Rychert\u00f3w<\/title>\n<meta name=\"description\" content=\"Kilka s\u0142\u00f3w o nas. Agroturystyka u Rychert\u00f3w to znakomite miejsce, kt\u00f3re zapewni niezapomniane chwile relaksu, rado\u015bci i wyj\u0105tkowych uroczy...\" \/>\n<meta name=\"robots\" content=\"index, follow, max-snippet:-1, max-image-preview:large, max-video-preview:-1\" \/>\n<link rel=\"canonical\" href=\"https:\/\/rychertow.flovmedia.pl\/en\/o-nas\/\" \/>\n<meta property=\"og:locale\" content=\"en_GB\" \/>\n<meta property=\"og:type\" content=\"article\" \/>\n<meta property=\"og:title\" content=\"Kilka s\u0142\u00f3w o nas - Agroturystyka u Rychert\u00f3w\" \/>\n<meta property=\"og:description\" content=\"Kilka s\u0142\u00f3w o nas. Agroturystyka u Rychert\u00f3w to znakomite miejsce, kt\u00f3re zapewni niezapomniane chwile relaksu, rado\u015bci i wyj\u0105tkowych uroczy...\" \/>\n<meta property=\"og:url\" content=\"https:\/\/rychertow.flovmedia.pl\/en\/o-nas\/\" \/>\n<meta property=\"og:site_name\" content=\"Agroturystyka u Rychert\u00f3w\" \/>\n<meta property=\"article:publisher\" content=\"https:\/\/www.facebook.com\/profile.php?id=100063644856991\" \/>\n<meta property=\"article:modified_time\" content=\"2025-06-02T15:11:28+00:00\" \/>\n<meta property=\"og:image\" content=\"https:\/\/rychertow.flovmedia.pl\/wp-content\/uploads\/2024\/03\/agroturystyka-u-rychertow-o-nas-slider.jpg\" \/>\n\t<meta property=\"og:image:width\" content=\"1280\" \/>\n\t<meta property=\"og:image:height\" content=\"536\" \/>\n\t<meta property=\"og:image:type\" content=\"image\/jpeg\" \/>\n<meta name=\"twitter:card\" content=\"summary_large_image\" \/>\n<meta name=\"twitter:title\" content=\"Kilka s\u0142\u00f3w o nas - Agroturystyka u Rychert\u00f3w\" \/>\n<meta name=\"twitter:description\" content=\"Kilka s\u0142\u00f3w o nas. Agroturystyka u Rychert\u00f3w to znakomite miejsce, kt\u00f3re zapewni niezapomniane chwile relaksu, rado\u015bci i wyj\u0105tkowych uroczy...\" \/>\n<meta name=\"twitter:image\" content=\"https:\/\/rychertow.flovmedia.pl\/wp-content\/uploads\/2024\/03\/agroturystyka-u-rychertow-o-nas-slider.jpg\" \/>\n<meta name=\"twitter:label1\" content=\"Estimated reading time\" \/>\n\t<meta name=\"twitter:data1\" content=\"2 minutes\" \/>\n<script type=\"application\/ld+json\" class=\"yoast-schema-graph\">{\"@context\":\"https:\/\/schema.org\",\"@graph\":[{\"@type\":\"WebPage\",\"@id\":\"https:\/\/rychertow.flovmedia.pl\/o-nas\/\",\"url\":\"https:\/\/rychertow.flovmedia.pl\/o-nas\/\",\"name\":\"Kilka s\u0142\u00f3w o nas - Agroturystyka u Rychert\u00f3w\",\"isPartOf\":{\"@id\":\"https:\/\/rychertow.flovmedia.pl\/#website\"},\"primaryImageOfPage\":{\"@id\":\"https:\/\/rychertow.flovmedia.pl\/o-nas\/#primaryimage\"},\"image\":{\"@id\":\"https:\/\/rychertow.flovmedia.pl\/o-nas\/#primaryimage\"},\"thumbnailUrl\":\"https:\/\/rychertow.flovmedia.pl\/wp-content\/uploads\/2024\/03\/agroturystyka-u-rychertow-o-nas-slider.jpg\",\"datePublished\":\"2024-03-14T15:10:38+00:00\",\"dateModified\":\"2025-06-02T15:11:28+00:00\",\"description\":\"Kilka s\u0142\u00f3w o nas. Agroturystyka u Rychert\u00f3w to znakomite miejsce, kt\u00f3re zapewni niezapomniane chwile relaksu, rado\u015bci i wyj\u0105tkowych uroczy...\",\"breadcrumb\":{\"@id\":\"https:\/\/rychertow.flovmedia.pl\/o-nas\/#breadcrumb\"},\"inLanguage\":\"en-GB\",\"potentialAction\":[{\"@type\":\"ReadAction\",\"target\":[\"https:\/\/rychertow.flovmedia.pl\/o-nas\/\"]}]},{\"@type\":\"ImageObject\",\"inLanguage\":\"en-GB\",\"@id\":\"https:\/\/rychertow.flovmedia.pl\/o-nas\/#primaryimage\",\"url\":\"https:\/\/rychertow.flovmedia.pl\/wp-content\/uploads\/2024\/03\/agroturystyka-u-rychertow-o-nas-slider.jpg\",\"contentUrl\":\"https:\/\/rychertow.flovmedia.pl\/wp-content\/uploads\/2024\/03\/agroturystyka-u-rychertow-o-nas-slider.jpg\",\"width\":1280,\"height\":536,\"caption\":\"Agroturystyka u Rychert\u00f3w - O nas\"},{\"@type\":\"BreadcrumbList\",\"@id\":\"https:\/\/rychertow.flovmedia.pl\/o-nas\/#breadcrumb\",\"itemListElement\":[{\"@type\":\"ListItem\",\"position\":1,\"name\":\"Strona g\u0142\u00f3wna\",\"item\":\"https:\/\/rychertow.flovmedia.pl\/\"},{\"@type\":\"ListItem\",\"position\":2,\"name\":\"O nas\"}]},{\"@type\":\"WebSite\",\"@id\":\"https:\/\/rychertow.flovmedia.pl\/#website\",\"url\":\"https:\/\/rychertow.flovmedia.pl\/\",\"name\":\"Agroturystyka u Rychert\u00f3w\",\"description\":\"Wesela, pokoje, imprezy okoliczno\u015bciowe, stajnia\",\"publisher\":{\"@id\":\"https:\/\/rychertow.flovmedia.pl\/#organization\"},\"alternateName\":\"AgroRychert\",\"potentialAction\":[{\"@type\":\"SearchAction\",\"target\":{\"@type\":\"EntryPoint\",\"urlTemplate\":\"https:\/\/rychertow.flovmedia.pl\/?s={search_term_string}\"},\"query-input\":{\"@type\":\"PropertyValueSpecification\",\"valueRequired\":true,\"valueName\":\"search_term_string\"}}],\"inLanguage\":\"en-GB\"},{\"@type\":\"Organization\",\"@id\":\"https:\/\/rychertow.flovmedia.pl\/#organization\",\"name\":\"Agroturystyka u Rychert\u00f3w\",\"url\":\"https:\/\/rychertow.flovmedia.pl\/\",\"logo\":{\"@type\":\"ImageObject\",\"inLanguage\":\"en-GB\",\"@id\":\"https:\/\/rychertow.flovmedia.pl\/#\/schema\/logo\/image\/\",\"url\":\"https:\/\/rychertow.flovmedia.pl\/wp-content\/uploads\/2024\/03\/cropped-agrorychert-kaszebe-logo.png\",\"contentUrl\":\"https:\/\/rychertow.flovmedia.pl\/wp-content\/uploads\/2024\/03\/cropped-agrorychert-kaszebe-logo.png\",\"width\":512,\"height\":512,\"caption\":\"Agroturystyka u Rychert\u00f3w\"},\"image\":{\"@id\":\"https:\/\/rychertow.flovmedia.pl\/#\/schema\/logo\/image\/\"},\"sameAs\":[\"https:\/\/www.facebook.com\/profile.php?id=100063644856991\",\"https:\/\/www.instagram.com\/agroturystykaurychertow\/\",\"https:\/\/www.tiktok.com\/@agroturystykaurychertow\"]}]}<\/script>\n<!-- \/ Yoast SEO plugin. -->","yoast_head_json":{"title":"Kilka s\u0142\u00f3w o nas - Agroturystyka u Rychert\u00f3w","description":"Kilka s\u0142\u00f3w o nas. Agroturystyka u Rychert\u00f3w to znakomite miejsce, kt\u00f3re zapewni niezapomniane chwile relaksu, rado\u015bci i wyj\u0105tkowych uroczy...","robots":{"index":"index","follow":"follow","max-snippet":"max-snippet:-1","max-image-preview":"max-image-preview:large","max-video-preview":"max-video-preview:-1"},"canonical":"https:\/\/rychertow.flovmedia.pl\/en\/o-nas\/","og_locale":"en_GB","og_type":"article","og_title":"Kilka s\u0142\u00f3w o nas - Agroturystyka u Rychert\u00f3w","og_description":"Kilka s\u0142\u00f3w o nas. Agroturystyka u Rychert\u00f3w to znakomite miejsce, kt\u00f3re zapewni niezapomniane chwile relaksu, rado\u015bci i wyj\u0105tkowych uroczy...","og_url":"https:\/\/rychertow.flovmedia.pl\/en\/o-nas\/","og_site_name":"Agroturystyka u Rychert\u00f3w","article_publisher":"https:\/\/www.facebook.com\/profile.php?id=100063644856991","article_modified_time":"2025-06-02T15:11:28+00:00","og_image":[{"width":1280,"height":536,"url":"https:\/\/rychertow.flovmedia.pl\/wp-content\/uploads\/2024\/03\/agroturystyka-u-rychertow-o-nas-slider.jpg","type":"image\/jpeg"}],"twitter_card":"summary_large_image","twitter_title":"Kilka s\u0142\u00f3w o nas - Agroturystyka u Rychert\u00f3w","twitter_description":"Kilka s\u0142\u00f3w o nas. Agroturystyka u Rychert\u00f3w to znakomite miejsce, kt\u00f3re zapewni niezapomniane chwile relaksu, rado\u015bci i wyj\u0105tkowych uroczy...","twitter_image":"https:\/\/rychertow.flovmedia.pl\/wp-content\/uploads\/2024\/03\/agroturystyka-u-rychertow-o-nas-slider.jpg","twitter_misc":{"Estimated reading time":"2 minutes"},"schema":{"@context":"https:\/\/schema.org","@graph":[{"@type":"WebPage","@id":"https:\/\/rychertow.flovmedia.pl\/o-nas\/","url":"https:\/\/rychertow.flovmedia.pl\/o-nas\/","name":"Kilka s\u0142\u00f3w o nas - Agroturystyka u Rychert\u00f3w","isPartOf":{"@id":"https:\/\/rychertow.flovmedia.pl\/#website"},"primaryImageOfPage":{"@id":"https:\/\/rychertow.flovmedia.pl\/o-nas\/#primaryimage"},"image":{"@id":"https:\/\/rychertow.flovmedia.pl\/o-nas\/#primaryimage"},"thumbnailUrl":"https:\/\/rychertow.flovmedia.pl\/wp-content\/uploads\/2024\/03\/agroturystyka-u-rychertow-o-nas-slider.jpg","datePublished":"2024-03-14T15:10:38+00:00","dateModified":"2025-06-02T15:11:28+00:00","description":"Kilka s\u0142\u00f3w o nas. Agroturystyka u Rychert\u00f3w to znakomite miejsce, kt\u00f3re zapewni niezapomniane chwile relaksu, rado\u015bci i wyj\u0105tkowych uroczy...","breadcrumb":{"@id":"https:\/\/rychertow.flovmedia.pl\/o-nas\/#breadcrumb"},"inLanguage":"en-GB","potentialAction":[{"@type":"ReadAction","target":["https:\/\/rychertow.flovmedia.pl\/o-nas\/"]}]},{"@type":"ImageObject","inLanguage":"en-GB","@id":"https:\/\/rychertow.flovmedia.pl\/o-nas\/#primaryimage","url":"https:\/\/rychertow.flovmedia.pl\/wp-content\/uploads\/2024\/03\/agroturystyka-u-rychertow-o-nas-slider.jpg","contentUrl":"https:\/\/rychertow.flovmedia.pl\/wp-content\/uploads\/2024\/03\/agroturystyka-u-rychertow-o-nas-slider.jpg","width":1280,"height":536,"caption":"Agroturystyka u Rychert\u00f3w - O nas"},{"@type":"BreadcrumbList","@id":"https:\/\/rychertow.flovmedia.pl\/o-nas\/#breadcrumb","itemListElement":[{"@type":"ListItem","position":1,"name":"Strona g\u0142\u00f3wna","item":"https:\/\/rychertow.flovmedia.pl\/"},{"@type":"ListItem","position":2,"name":"O nas"}]},{"@type":"WebSite","@id":"https:\/\/rychertow.flovmedia.pl\/#website","url":"https:\/\/rychertow.flovmedia.pl\/","name":"Agroturystyka u Rychert\u00f3w","description":"Wesela, pokoje, imprezy okoliczno\u015bciowe, stajnia","publisher":{"@id":"https:\/\/rychertow.flovmedia.pl\/#organization"},"alternateName":"AgroRychert","potentialAction":[{"@type":"SearchAction","target":{"@type":"EntryPoint","urlTemplate":"https:\/\/rychertow.flovmedia.pl\/?s={search_term_string}"},"query-input":{"@type":"PropertyValueSpecification","valueRequired":true,"valueName":"search_term_string"}}],"inLanguage":"en-GB"},{"@type":"Organization","@id":"https:\/\/rychertow.flovmedia.pl\/#organization","name":"Agroturystyka u Rychert\u00f3w","url":"https:\/\/rychertow.flovmedia.pl\/","logo":{"@type":"ImageObject","inLanguage":"en-GB","@id":"https:\/\/rychertow.flovmedia.pl\/#\/schema\/logo\/image\/","url":"https:\/\/rychertow.flovmedia.pl\/wp-content\/uploads\/2024\/03\/cropped-agrorychert-kaszebe-logo.png","contentUrl":"https:\/\/rychertow.flovmedia.pl\/wp-content\/uploads\/2024\/03\/cropped-agrorychert-kaszebe-logo.png","width":512,"height":512,"caption":"Agroturystyka u Rychert\u00f3w"},"image":{"@id":"https:\/\/rychertow.flovmedia.pl\/#\/schema\/logo\/image\/"},"sameAs":["https:\/\/www.facebook.com\/profile.php?id=100063644856991","https:\/\/www.instagram.com\/agroturystykaurychertow\/","https:\/\/www.tiktok.com\/@agroturystykaurychertow"]}]}},"_links":{"self":[{"href":"https:\/\/rychertow.flovmedia.pl\/en\/wp-json\/wp\/v2\/pages\/222","targetHints":{"allow":["GET"]}}],"collection":[{"href":"https:\/\/rychertow.flovmedia.pl\/en\/wp-json\/wp\/v2\/pages"}],"about":[{"href":"https:\/\/rychertow.flovmedia.pl\/en\/wp-json\/wp\/v2\/types\/page"}],"author":[{"embeddable":true,"href":"https:\/\/rychertow.flovmedia.pl\/en\/wp-json\/wp\/v2\/users\/1"}],"replies":[{"embeddable":true,"href":"https:\/\/rychertow.flovmedia.pl\/en\/wp-json\/wp\/v2\/comments?post=222"}],"version-history":[{"count":37,"href":"https:\/\/rychertow.flovmedia.pl\/en\/wp-json\/wp\/v2\/pages\/222\/revisions"}],"predecessor-version":[{"id":3084,"href":"https:\/\/rychertow.flovmedia.pl\/en\/wp-json\/wp\/v2\/pages\/222\/revisions\/3084"}],"wp:featuredmedia":[{"embeddable":true,"href":"https:\/\/rychertow.flovmedia.pl\/en\/wp-json\/wp\/v2\/media\/255"}],"wp:attachment":[{"href":"https:\/\/rychertow.flovmedia.pl\/en\/wp-json\/wp\/v2\/media?parent=222"}],"curies":[{"name":"wp","href":"https:\/\/api.w.org\/{rel}","templated":true}]}}